{"id":15777,"date":"2020-12-30T14:14:40","date_gmt":"2020-12-30T14:14:40","guid":{"rendered":"https:\/\/sterling.services\/payroll-in-hungary\/"},"modified":"2021-02-20T18:56:38","modified_gmt":"2021-02-20T18:56:38","slug":"berszamfejtes","status":"publish","type":"page","link":"https:\/\/sterling.services\/hu\/berszamfejtes\/","title":{"rendered":"B\u00e9rsz\u00e1mfejt\u00e9s"},"content":{"rendered":"<div class=\"wpb-content-wrapper\"><p>[vc_row bg_image=&#8221;15492&#8243; parallax_bg=&#8221;true&#8221; top_padding=&#8221;190&#8243; bottom_padding=&#8221;100&#8243;][vc_column width=&#8221;1\/3&#8243;]<div class=\"flip\"><div class=\"iconbox  iconbox-style-9 icon-color-accent color-dark card clearfix\"><div class=\"iconbox-box1 face front\"><table><tr><td><i class=\"fa sl-calculator boxicon\" style=\"\"><\/i><h3>B\u00e9rsz\u00e1mfejt\u00e9s<\/h3><\/td><\/tr><\/table><\/div><div class=\"iconbox-box2 face back\"><table><tr><td><h3>B\u00e9rsz\u00e1mfejt\u00e9s<\/h3><p>B\u00e9rsz\u00e1mfejt\u00e9si szolg\u00e1ltat\u00e1sunk teljes k\u00f6r\u0171en lefedi a b\u00e9rek \u00e9s a hozz\u00e1juk kapcsol\u00f3d\u00f3 ad\u00f3k adatszolg\u00e1ltat\u00e1s\u00e1t, bevall\u00e1sok k\u00e9sz\u00edt\u00e9s\u00e9t, kalkul\u00e1ci\u00f3kat. Elektronikus b\u00e9rjegyz\u00e9ket biztos\u00edtunk \u00dcgyfeleinknek, tov\u00e1bb\u00e1 minden esetben id\u0151ben t\u00e1j\u00e9kozatjuk \u00d6nt az utaland\u00f3 ad\u00f3kr\u00f3l.<\/p><\/td><\/tr><\/table><\/div><\/div><\/div>[\/vc_column][vc_column width=&#8221;1\/3&#8243;]<div class=\"flip\"><div class=\"iconbox  iconbox-style-9 icon-color-accent color-dark card clearfix\"><div class=\"iconbox-box1 face front\"><table><tr><td><i class=\"fa sl-user boxicon\" style=\"\"><\/i><h3>HR Szolg\u00e1ltat\u00e1sok<\/h3><\/td><\/tr><\/table><\/div><div class=\"iconbox-box2 face back\"><table><tr><td><h3>HR Szolg\u00e1ltat\u00e1sok<\/h3><p>A j\u00f6v\u0151beli n\u00f6veked\u00e9s \u00e9rdek\u00e9ben seg\u00edts\u00e9get ny\u00fajtunk a felmer\u00fcl\u0151 szem\u00e9lyjellg\u0171 k\u00f6lts\u00e9gek becsl\u00e9s\u00e9vel kapcsolatban annak \u00e9rdek\u00e9ben, hogy a leghat\u00e9konyabb m\u00f3don tudja kezelni a munkav\u00e1llal\u00f3kkal kapcsolatos k\u00f6lts\u00e9geket \u00e9s ad\u00f3kat.<\/p><\/td><\/tr><\/table><\/div><\/div><\/div>[\/vc_column][vc_column width=&#8221;1\/3&#8243;]<div class=\"flip\"><div class=\"iconbox  iconbox-style-9 icon-color-accent color-dark card clearfix\"><div class=\"iconbox-box1 face front\"><table><tr><td><i class=\"fa sl-support boxicon\" style=\"\"><\/i><h3>Transparent Support<\/h3><\/td><\/tr><\/table><\/div><div class=\"iconbox-box2 face back\"><table><tr><td><h3>Transparent Support<\/h3><p>Minden \u00fczleti d\u00f6nt\u00e9s\u00e9ben seg\u00edts\u00e9get ny\u00fajtunk, ezzel cs\u00f6kkentve a sz\u00e1mviteli \u00e9s ad\u00f3z\u00e1si kock\u00e1zatokat, \u00edgy \u00d6nnek csak a v\u00e1llalkoz\u00e1sa n\u00f6veked\u00e9s\u00e9re kell koncentr\u00e1lni \u00e9s elker\u00fclheti a fejf\u00e1j\u00e1st okoz\u00f3 helyzeteket.<\/p><\/td><\/tr><\/table><\/div><\/div><\/div>[\/vc_column][\/vc_row][vc_row top_padding=&#8221;100&#8243; bottom_padding=&#8221;100&#8243; bg_position=&#8221;left top&#8221;][vc_column width=&#8221;1\/3&#8243;]<h2 class=\"headline font-special fontsize-m fontweight-700 lh-16 align-left transform-uppercase \" style=\"margin: 0;\">SOKKAL T\u00d6BBET NY\u00daJTUNK, MINT EGY \u00c1LTAL\u00c1NOS B\u00c9RSZ\u00c1MFEJT\u0150 SZOLG\u00c1LTAT\u00d3. NYERJEN BETEKINT\u00c9ST, HOGY SZAK\u00c9RT\u0150INK MIK\u00c9NT TEREMTENEK \u00c9RT\u00c9KET V\u00c1LLALKOZ\u00c1S\u00c1NAK.<\/h2><div class=\"divider divider5\" style='margin:20px 0 0 0 !important;'><\/div>[\/vc_column][vc_column width=&#8221;1\/3&#8243;]<div class=\"iconbox  wpb_content_element iconbox-style-2 icon-color-greyscale color-dark clearfix\"><div class=\"iconbox-icon\"><i class=\"fa sl-user boxicon\" style=\"\"><\/i><\/div><div class=\"iconbox-content\"><h3>B\u00e9rsz\u00e1mfejt\u00e9s<\/h3><p>A b\u00e9rsz\u00e1mfejt\u00e9s \u00e9rz\u00e9keny ter\u00fclet, de szak\u00e9rt\u0151ink tudj\u00e1k hogyan kezelj\u00e9k a folyamatokat mind munk\u00e1ltat\u00f3i \u00e9s munkv\u00e1llal\u00f3i oldalr\u00f3l<\/p><\/div><\/div><div class=\"spacer\" style=\"height: 10px;\"><\/div><div class=\"iconbox  wpb_content_element iconbox-style-2 icon-color-greyscale color-dark clearfix\"><div class=\"iconbox-icon\"><i class=\"fa sl-lock boxicon\" style=\"\"><\/i><\/div><div class=\"iconbox-content\"><h3>Titoktart\u00e1s<\/h3><p>A titoktart\u00e1s a b\u00e9rsz\u00e1mfejt\u00e9s kulcsfontoss\u00e1g\u00fa eleme. Az \u00f6sszes bizalmas inform\u00e1ci\u00f3t a legmagasabb szint\u0171 dokumentumbiztons\u00e1ggal dolgozzuk fel, t\u00e1roljuk \u00e9s kezelj\u00fck.<\/p><\/div><\/div>[\/vc_column][vc_column width=&#8221;1\/3&#8243;]<div class=\"iconbox  wpb_content_element iconbox-style-2 icon-color-greyscale color-dark clearfix\"><div class=\"iconbox-icon\"><i class=\"fa sl-note boxicon\" style=\"\"><\/i><\/div><div class=\"iconbox-content\"><h3>HR Tervez\u00e9s<\/h3><p>Meghat\u00e1rozzuk a v\u00e1llalkoz\u00e1sa sz\u00e1m\u00e1ra a legjobb utat a b\u00e9r- \u00e9s b\u00e9rj\u00e1rul\u00e9kok, esetlegesen felmer\u00fcl\u0151 ad\u00f3k tervez\u00e9s\u00e9hez, \u00edgy az \u00fczleti n\u00f6veked\u00e9s kock\u00e1zatai enyh\u00fclnek.<\/p><\/div><\/div><div class=\"spacer\" style=\"height: 10px;\"><\/div><div class=\"iconbox  wpb_content_element iconbox-style-2 icon-color-greyscale color-dark clearfix\"><div class=\"iconbox-icon\"><i class=\"fa sl-check boxicon\" style=\"\"><\/i><\/div><div class=\"iconbox-content\"><h3>Id\u0151szer\u0171s\u00e9g<\/h3><p>B\u00e9rsz\u00e1mfejt\u00e9si szak\u00e9rt\u0151ink pontos, hat\u00e9kony b\u00e9rsz\u00e1mfejt\u00e9si szolg\u00e1ltat\u00e1sokat ny\u00fajtanak, \u00edgy k\u00e9sedelmi d\u00edjak vagy b\u00fcntet\u00e9sek nem befoly\u00e1solj\u00e1k v\u00e1llalkoz\u00e1s\u00e1t.<\/p><\/div><\/div>[\/vc_column][\/vc_row][vc_row type=&#8221;full_width_section&#8221; bg_position=&#8221;left top&#8221;][vc_column bg_color=&#8221;#314861&#8243; column_padding=&#8221;padding-5&#8243; text_color=&#8221;custom&#8221; custom_text_color=&#8221;#1cbac8&#8243; width=&#8221;1\/2&#8243;]<h1 class=\"headline font-special fontsize-xxxxxl fontweight-inherit lh-12 align-left transform-uppercase \" style=\"margin: 0 0 20px 0; color: #15bb34;\">TUD\u00c1S, TAPASZTALAT, <span style=\"color: #ffffff;\">\u00c1TL\u00c1THAT\u00d3S\u00c1G.<\/span><\/h1>[\/vc_column][vc_column bg_color=&#8221;#15bb34&#8243; column_padding=&#8221;padding-5&#8243; column_center=&#8221;true&#8221; text_color=&#8221;light&#8221; width=&#8221;1\/2&#8243;]<div class=\"iconbox  wpb_content_element iconbox-style-2 icon-color-greyscale color-dark clearfix\"><div class=\"iconbox-icon\"><i class=\"fa sl-graduation boxicon\" style=\"\"><\/i><\/div><div class=\"iconbox-content\"><h3>Tud\u00e1s<\/h3><p>Csapatunk magasan k\u00e9pzett, energikus \u00e9s pozit\u00edv k\u00f6nyvel\u0151kb\u0151l \u00e9s tan\u00e1csad\u00f3kb\u00f3l \u00e1ll, akik tudj\u00e1k, hogyan alkalmazz\u00e1k tud\u00e1sukat, mik\u00f6zben \u00fajszer\u0171 l\u00e1t\u00e1sm\u00f3dot alkalmaznak.<\/p><\/div><\/div><div class=\"iconbox  wpb_content_element iconbox-style-2 icon-color-greyscale color-dark clearfix\"><div class=\"iconbox-icon\"><i class=\"fa sl-graph boxicon\" style=\"\"><\/i><\/div><div class=\"iconbox-content\"><h3>Tapasztalat<\/h3><p>T\u00f6bb, mint 10 \u00e9v k\u00f6nyvel\u00e9si tapasztalattal a h\u00e1tunk m\u00f6g\u00f6tt Magyarorsz\u00e1gon \u00e9s k\u00f6z\u00e9p-kelet-eur\u00f3pai orsz\u00e1gokban, tudjuk, mik\u00e9nt seg\u00edts\u00fcnk \u00fcgyfeleinket kih\u00edv\u00e1saikban.<\/p><\/div><\/div><div class=\"iconbox  wpb_content_element iconbox-style-2 icon-color-greyscale color-dark clearfix\"><div class=\"iconbox-icon\"><i class=\"fa sl-like boxicon\" style=\"\"><\/i><\/div><div class=\"iconbox-content\"><h3>\u00c1tl\u00e1that\u00f3s\u00e1g<\/h3><p>B\u00fcszk\u00e9k vagyunk \u00fcgyfeleinkkel val\u00f3 egy\u00fcttm\u0171k\u00fcd\u00e9s\u00fcnk min\u0151s\u00e9g\u00e9re, minden esetben \u00e9rtes\u00edtj\u00fck \u0151ket a v\u00e1rhat\u00f3 kock\u00e1zatokr\u00f3l, \u00e9s a legjobb megold\u00e1sokat ny\u00fajtjuk ezek elker\u00fcl\u00e9se \u00e9rdek\u00e9ben.<\/p><\/div><\/div>[\/vc_column][\/vc_row][vc_row text_color=&#8221;light&#8221; top_padding=&#8221;100&#8243; bottom_padding=&#8221;100&#8243;][vc_column width=&#8221;1\/2&#8243;]<div class=\"pricing-plan pricing-color-true wpb_content_element\">\n\t\t\t\t<div class=\"pricing-plan-head\" style=\"background-color:#314861;\">\n\t\t\t\t\t<h3>\u00c1ltalnos Szolg\u00e1ltat\u00e1sok<\/h3>\n\t\t\t\t\t<div class=\"pricing-price\"><span class=\"pricing-amount\">B\u00e9rsz\u00e1mfejt\u00e9s<\/span><span class=\"pricing-per\"><\/span><\/div>\n\t\t\t\t<\/div>\n\t\t\t\t\n<ul>\n<li>Havi b\u00e9rsz\u00e1mfejt\u00e9s<\/li>\n<li>Ad\u00f3utal\u00e1sok kezel\u00e9se<\/li>\n<li>F\u0151k\u00f6nyvi k\u00f6nyvel\u00e9sek import\u00e1l\u00e1sa<\/li>\n<li>Ad\u00f3bevall\u00e1sok beny\u00fajt\u00e1sa<\/li>\n<li>\u00c9ves ad\u00f3bevall\u00e1sok elk\u00e9sz\u00edt\u00e9se<\/li>\n<li>B\u00e9rjegyz\u00e9k k\u00e9sz\u00edt\u00e9se<\/li>\n<\/ul>\n\n\t\t\t\t\n\t\t\t<\/div>[\/vc_column][vc_column width=&#8221;1\/2&#8243;]<div class=\"pricing-plan pricing-color-true wpb_content_element\">\n\t\t\t\t<div class=\"pricing-plan-head\" style=\"background-color:#15bb34;\">\n\t\t\t\t\t<h3>Hozz\u00e1adott \u00c9rt\u00e9k\u0171 Szolg\u00e1ltat\u00e1sok<\/h3>\n\t\t\t\t\t<div class=\"pricing-price\"><span class=\"pricing-amount\">HR tervez\u00e9s<\/span><span class=\"pricing-per\"><\/span><\/div>\n\t\t\t\t<\/div>\n\t\t\t\t\n<ul>\n<li>Alkalmazotti k\u00f6r b\u0151v\u00edt\u00e9s\u00e9nek tervez\u00e9se<\/li>\n<li>Ad\u00f3z\u00e1s hat\u00e1s\u00e1nak tervez\u00e9se<\/li>\n<li>Ad\u00f3z\u00e1si terhek cs\u00f6kkent\u00e9s\u00e9nek tervez\u00e9se<\/li>\n<li>Szem\u00e9lyi j\u00f6vedelemad\u00f3 bevall\u00e1sal kapcsolatos tan\u00e1csad\u00e1s<\/li>\n<li>HR port\u00e1l el\u00e9rhet\u0151s\u00e9g<\/li>\n<\/ul>\n\n\t\t\t\t\n\t\t\t<\/div>[\/vc_column][\/vc_row][vc_row type=&#8221;full_width_section&#8221; bg_position=&#8221;left top&#8221;][vc_column width=&#8221;1\/1&#8243;]<div class=\"callout clearfix\" style=\"background-color:#15bb34; color:#ffffff;\">\n\t\t<div class=\"callout-text\">L\u00e9pjen \u00d6n is kapcsolatba vel\u00fcnk \u00e9s n\u00e9zze meg, mik\u00e9nt seg\u00edtik el\u0151 szolg\u00e1ltat\u00e1saink v\u00e1llalkoz\u00e1sa fejl\u0151d\u00e9s\u00e9t!<\/div>\n\t\t\t<div class=\"callout-button\"><a class=\"button medium color-8\" href=\"https:\/\/sterling.services\/contact-us\/\" target=\"_self\">Besz\u00e9ljen vel\u00fcnk!<\/a><\/div>\n\t\t<\/div>[\/vc_column][\/vc_row]<\/p>\n<\/div>","protected":false},"excerpt":{"rendered":"<p>[vc_row bg_image=&#8221;15492&#8243; parallax_bg=&#8221;true&#8221; top_padding=&#8221;190&#8243; bottom_padding=&#8221;100&#8243;][vc_column width=&#8221;1\/3&#8243;][\/vc_column][vc_column width=&#8221;1\/3&#8243;][\/vc_column][vc_column width=&#8221;1\/3&#8243;][\/vc_column][\/vc_row][vc_row top_padding=&#8221;100&#8243; bottom_padding=&#8221;100&#8243; bg_position=&#8221;left top&#8221;][vc_column width=&#8221;1\/3&#8243;][\/vc_column][vc_column width=&#8221;1\/3&#8243;][\/vc_column][vc_column width=&#8221;1\/3&#8243;][\/vc_column][\/vc_row][vc_row type=&#8221;full_width_section&#8221; bg_position=&#8221;left top&#8221;][vc_column bg_color=&#8221;#314861&#8243; column_padding=&#8221;padding-5&#8243; text_color=&#8221;custom&#8221; custom_text_color=&#8221;#1cbac8&#8243; width=&#8221;1\/2&#8243;][\/vc_column][vc_column bg_color=&#8221;#15bb34&#8243; column_padding=&#8221;padding-5&#8243; column_center=&#8221;true&#8221; text_color=&#8221;light&#8221; width=&#8221;1\/2&#8243;][\/vc_column][\/vc_row][vc_row text_color=&#8221;light&#8221; top_padding=&#8221;100&#8243; bottom_padding=&#8221;100&#8243;][vc_column width=&#8221;1\/2&#8243;][\/vc_column][vc_column width=&#8221;1\/2&#8243;][\/vc_column][\/vc_row][vc_row type=&#8221;full_width_section&#8221; bg_position=&#8221;left top&#8221;][vc_column width=&#8221;1\/1&#8243;][\/vc_column][\/vc_row]<\/p>\n","protected":false},"author":1,"featured_media":0,"parent":0,"menu_order":0,"comment_status":"open","ping_status":"open","template":"","meta":{"footnotes":""},"class_list":["post-15777","page","type-page","status-publish","hentry"],"_links":{"self":[{"href":"https:\/\/sterling.services\/hu\/wp-json\/wp\/v2\/pages\/15777","targetHints":{"allow":["GET"]}}],"collection":[{"href":"https:\/\/sterling.services\/hu\/wp-json\/wp\/v2\/pages"}],"about":[{"href":"https:\/\/sterling.services\/hu\/wp-json\/wp\/v2\/types\/page"}],"author":[{"embeddable":true,"href":"https:\/\/sterling.services\/hu\/wp-json\/wp\/v2\/users\/1"}],"replies":[{"embeddable":true,"href":"https:\/\/sterling.services\/hu\/wp-json\/wp\/v2\/comments?post=15777"}],"version-history":[{"count":5,"href":"https:\/\/sterling.services\/hu\/wp-json\/wp\/v2\/pages\/15777\/revisions"}],"predecessor-version":[{"id":15804,"href":"https:\/\/sterling.services\/hu\/wp-json\/wp\/v2\/pages\/15777\/revisions\/15804"}],"wp:attachment":[{"href":"https:\/\/sterling.services\/hu\/wp-json\/wp\/v2\/media?parent=15777"}],"curies":[{"name":"wp","href":"https:\/\/api.w.org\/{rel}","templated":true}]}}