{"id":15772,"date":"2020-09-18T14:49:53","date_gmt":"2020-09-18T14:49:53","guid":{"rendered":"https:\/\/sterling.services\/accounting-in-hungary\/"},"modified":"2021-02-20T18:58:17","modified_gmt":"2021-02-20T18:58:17","slug":"konyvelesi-szolgaltatasok","status":"publish","type":"page","link":"https:\/\/sterling.services\/hu\/konyvelesi-szolgaltatasok\/","title":{"rendered":"Sz\u00e1mvitel kiszervez\u00e9se"},"content":{"rendered":"<div class=\"wpb-content-wrapper\"><p>[vc_row bg_image=&#8221;15445&#8243; parallax_bg=&#8221;true&#8221; top_padding=&#8221;190&#8243; bottom_padding=&#8221;100&#8243;][vc_column width=&#8221;1\/3&#8243;]<div class=\"flip\"><div class=\"iconbox  iconbox-style-9 icon-color-accent color-dark card clearfix\"><div class=\"iconbox-box1 face front\"><table><tr><td><i class=\"fa sl-calculator boxicon\" style=\"\"><\/i><h3>\u00c1tfog\u00f3 k\u00f6nyvel\u00e9si szolg\u00e1ltat\u00e1s<\/h3><\/td><\/tr><\/table><\/div><div class=\"iconbox-box2 face back\"><table><tr><td><h3>\u00c1tfog\u00f3 k\u00f6nyvel\u00e9si szolg\u00e1ltat\u00e1s<\/h3><p>\u00c1tfog\u00f3 k\u00f6nyvel\u00e9si szolg\u00e1ltat\u00e1sokat k\u00edn\u00e1lunk b\u00e1rmely v\u00e1llalkoz\u00e1snak \u00e9s mag\u00e1nszem\u00e9lynek, b\u00e1mely ipar\u00e1gakban.<\/p><\/td><\/tr><\/table><\/div><\/div><\/div>[\/vc_column][vc_column width=&#8221;1\/3&#8243;]<div class=\"flip\"><div class=\"iconbox  iconbox-style-9 icon-color-accent color-dark card clearfix\"><div class=\"iconbox-box1 face front\"><table><tr><td><i class=\"fa sl-note boxicon\" style=\"\"><\/i><h3>Riportok k\u00e9sz\u00edt\u00e9se<\/h3><\/td><\/tr><\/table><\/div><div class=\"iconbox-box2 face back\"><table><tr><td><h3>Riportok k\u00e9sz\u00edt\u00e9se<\/h3><p>Legyen sz\u00f3 havi\/negyed\u00e9ves jelent\u00e9sekr\u0151l ami seg\u00edt a m\u0171k\u00f6d\u00e9s nyomonk\u00f6vet\u00e9s\u00e9ben vagy az \u00e9v v\u00e9gi besz\u00e1mol\u00f3r\u00f3l, mi itt vagyunk \u00e9s biztos\u00edtjuk hogy ezek id\u0151ben \u00e9s pontosan elk\u00e9sz\u00fcljenek.<\/p><\/td><\/tr><\/table><\/div><\/div><\/div>[\/vc_column][vc_column width=&#8221;1\/3&#8243;]<div class=\"flip\"><div class=\"iconbox  iconbox-style-9 icon-color-accent color-dark card clearfix\"><div class=\"iconbox-box1 face front\"><table><tr><td><i class=\"fa sl-support boxicon\" style=\"\"><\/i><h3>T\u00e1mogat\u00e1s<\/h3><\/td><\/tr><\/table><\/div><div class=\"iconbox-box2 face back\"><table><tr><td><h3>T\u00e1mogat\u00e1s<\/h3><p>Minden \u00fczleti d\u00f6nt\u00e9s\u00e9ben seg\u00edts\u00e9get ny\u00fajtunk, ezzel cs\u00f6kkentve a sz\u00e1mviteli \u00e9s ad\u00f3z\u00e1si kock\u00e1zatokat, \u00edgy \u00d6nnek csak a v\u00e1llalkoz\u00e1sa n\u00f6veked\u00e9s\u00e9re kell koncentr\u00e1lni \u00e9s elker\u00fclheti a fejf\u00e1j\u00e1st okoz\u00f3 helyzeteket.<\/p><\/td><\/tr><\/table><\/div><\/div><\/div>[\/vc_column][\/vc_row][vc_row top_padding=&#8221;100&#8243; bottom_padding=&#8221;100&#8243; bg_position=&#8221;left top&#8221;][vc_column width=&#8221;1\/3&#8243;]<h2 class=\"headline font-special fontsize-m fontweight-700 lh-16 align-left transform-uppercase \" style=\"margin: 0;\">SZ\u00c1MVITELI SZOLG\u00c1LTAT\u00c1SAINK R\u00c9SZEK\u00c9NT SZ\u00c1MOS OLYAN FELADATOT L\u00c1TUNK EL, AMELYEK JELENT\u0150S \u00c9RT\u00c9KET ADNAK HOZZ\u00c1 V\u00c1LLALKOZ\u00c1S\u00c1HOZ<\/h2><div class=\"divider divider5\" style='margin:20px 0 0 0 !important;'><\/div>[\/vc_column][vc_column width=&#8221;1\/3&#8243;]<div class=\"iconbox  wpb_content_element iconbox-style-2 icon-color-greyscale color-dark clearfix\"><div class=\"iconbox-icon\"><i class=\"fa sl-layers boxicon\" style=\"\"><\/i><\/div><div class=\"iconbox-content\"><h3>K\u00f6nyvel\u00e9s<\/h3><p>Pontos \u00e9s id\u0151ben t\u00f6rt\u00e9n\u0151 k\u00f6nyvel\u00e9si szolg\u00e1ltat\u00e1sok, mellyel biztos\u00edtjuk, hogy minden bizonylat megfelel\u0151en \u00e9s hi\u00e1nytalanul ker\u00fclj\u00f6n k\u00f6nyvel\u00e9sre<\/p><\/div><\/div><div class=\"spacer\" style=\"height: 10px;\"><\/div><div class=\"iconbox  wpb_content_element iconbox-style-2 icon-color-greyscale color-dark clearfix\"><div class=\"iconbox-icon\"><i class=\"fa sl-docs boxicon\" style=\"\"><\/i><\/div><div class=\"iconbox-content\"><h3>Menedzsment riportok<\/h3><p>Menedzsment riportjaink t\u00e1mogat\u00e1j\u00e1k \u00d6nt, hogy ne csak annak legyen tudat\u00e1ban, ami megt\u00f6rt\u00e9nt hanem annak is ami v\u00e1rhat\u00f3, \u00edgy elker\u00fclheti a meglepet\u00e9seket.<\/p><\/div><\/div>[\/vc_column][vc_column width=&#8221;1\/3&#8243;]<div class=\"iconbox  wpb_content_element iconbox-style-2 icon-color-greyscale color-dark clearfix\"><div class=\"iconbox-icon\"><i class=\"fa sl-note boxicon\" style=\"\"><\/i><\/div><div class=\"iconbox-content\"><h3>Besz\u00e1mol\u00f3 k\u00e9sz\u00edt\u00e9s<\/h3><p>Gondoskodunk a havi, negyed\u00e9ves \u00e9s \u00e9ves jelent\u00e9sek id\u0151ben t\u00f6rt\u00e9n\u0151 elk\u00e9sz\u00edt\u00e9s\u00e9r\u0151l annak \u00e9rdek\u00e9ben, hogy v\u00e1llalkoz\u00e1sa elker\u00fclje a lehets\u00e9ges kock\u00e1zatokat, szankci\u00f3kat<\/p><\/div><\/div><div class=\"spacer\" style=\"height: 10px;\"><\/div><div class=\"iconbox  wpb_content_element iconbox-style-2 icon-color-greyscale color-dark clearfix\"><div class=\"iconbox-icon\"><i class=\"fa sl-screen-desktop boxicon\" style=\"\"><\/i><\/div><div class=\"iconbox-content\"><h3>E-k\u00f6nyvel\u00e9s<\/h3><p>Automatiz\u00e1lt felh\u0151alap\u00fa k\u00f6nyvel\u00e9si szolg\u00e1ltat\u00e1saink seg\u00edtik a nagyv\u00e1llalkoz\u00e1sokat az adminisztr\u00e1ci\u00f3s feladatok automatiz\u00e1l\u00e1s\u00e1ban, a hib\u00e1k elker\u00fcl\u00e9s\u00e9ben \u00e9s a k\u00f6lts\u00e9gek jelent\u0151s cs\u00f6kkent\u00e9s\u00e9ben.<\/p><\/div><\/div>[\/vc_column][\/vc_row][vc_row type=&#8221;full_width_section&#8221; bg_position=&#8221;left top&#8221;][vc_column bg_color=&#8221;#314861&#8243; column_padding=&#8221;padding-5&#8243; text_color=&#8221;custom&#8221; custom_text_color=&#8221;#1cbac8&#8243; width=&#8221;1\/2&#8243;]<h1 class=\"headline font-special fontsize-xxxxxl fontweight-inherit lh-12 align-left transform-uppercase \" style=\"margin: 0 0 20px 0; color: #15bb34;\">TUD\u00c1S, TAPASZTALAT, <span style=\"color: #ffffff;\">\u00c1TL\u00c1THAT\u00d3S\u00c1G.<\/span><\/h1>[\/vc_column][vc_column bg_color=&#8221;#15bb34&#8243; column_padding=&#8221;padding-5&#8243; column_center=&#8221;true&#8221; text_color=&#8221;light&#8221; width=&#8221;1\/2&#8243;]<div class=\"iconbox  wpb_content_element iconbox-style-2 icon-color-greyscale color-dark clearfix\"><div class=\"iconbox-icon\"><i class=\"fa sl-graduation boxicon\" style=\"\"><\/i><\/div><div class=\"iconbox-content\"><h3>Tud\u00e1s<\/h3><p>Csapatunk magasan k\u00e9pzett, energikus \u00e9s pozit\u00edv k\u00f6nyvel\u0151kb\u0151l \u00e9s tan\u00e1csad\u00f3kb\u00f3l \u00e1ll, akik tudj\u00e1k, hogyan alkalmazz\u00e1k tud\u00e1sukat, mik\u00f6zben \u00fajszer\u0171 l\u00e1t\u00e1sm\u00f3dot alkalmaznak.<\/p><\/div><\/div><div class=\"iconbox  wpb_content_element iconbox-style-2 icon-color-greyscale color-dark clearfix\"><div class=\"iconbox-icon\"><i class=\"fa sl-graph boxicon\" style=\"\"><\/i><\/div><div class=\"iconbox-content\"><h3>Tapasztalat<\/h3><p>T\u00f6bb, mint 10 \u00e9v k\u00f6nyvel\u00e9si tapasztalattal a h\u00e1tunk m\u00f6g\u00f6tt Magyarorsz\u00e1gon \u00e9s k\u00f6z\u00e9p-kelet-eur\u00f3pai orsz\u00e1gokban, tudjuk, mik\u00e9nt seg\u00edts\u00fcnk \u00fcgyfeleinket kih\u00edv\u00e1saikban.<\/p><\/div><\/div><div class=\"iconbox  wpb_content_element iconbox-style-2 icon-color-greyscale color-dark clearfix\"><div class=\"iconbox-icon\"><i class=\"fa sl-like boxicon\" style=\"\"><\/i><\/div><div class=\"iconbox-content\"><h3>\u00c1tl\u00e1that\u00f3s\u00e1g<\/h3><p>B\u00fcszk\u00e9k vagyunk \u00fcgyfeleinkkel val\u00f3 egy\u00fcttm\u0171k\u00fcd\u00e9s\u00fcnk min\u0151s\u00e9g\u00e9re, minden esetben \u00e9rtes\u00edtj\u00fck \u0151ket a v\u00e1rhat\u00f3 kock\u00e1zatokr\u00f3l, \u00e9s a legjobb megold\u00e1sokat ny\u00fajtjuk ezek elker\u00fcl\u00e9se \u00e9rdek\u00e9ben.<\/p><\/div><\/div>[\/vc_column][\/vc_row][vc_row text_color=&#8221;light&#8221; top_padding=&#8221;100&#8243; bottom_padding=&#8221;100&#8243;][vc_column width=&#8221;1\/3&#8243;]<div class=\"pricing-plan pricing-color-true wpb_content_element\">\n\t\t\t\t<div class=\"pricing-plan-head\" style=\"background-color:#314861;\">\n\t\t\t\t\t<h3>\u00c1ltal\u00e1nos Szolg\u00e1ltat\u00e1sok<\/h3>\n\t\t\t\t\t<div class=\"pricing-price\"><span class=\"pricing-amount\">K\u00f6nyvel\u00e9s<\/span><span class=\"pricing-per\"><\/span><\/div>\n\t\t\t\t<\/div>\n\t\t\t\t\n<ul>\n<li>Szoftverlicenc regisztr\u00e1ci\u00f3<\/li>\n<li>Be\u00e9rkez\u0151 bizonylatok feldolgoz\u00e1sa<\/li>\n<li>Sz\u00e1mlaki\u00e1ll\u00edt\u00e1s<\/li>\n<li>K\u00f6lts\u00e9ghely szerinti k\u00f6nyvel\u00e9s<\/li>\n<li>F\u0151k\u00f6nyvi egyeztet\u00e9s<\/li>\n<li>Befektetett eszk\u00f6z\u00f6k kezel\u00e9se<\/li>\n<li>\u00c9rt\u00e9kcs\u00f6kken\u00e9s sz\u00e1m\u00edt\u00e1sa<\/li>\n<li>Napi\/heti gyakoris\u00e1g\u00fa k\u00f6nyvel\u00e9s<\/li>\n<li>\u00c1rfolyamk\u00fcl\u00f6nb\u00f6zet kezel\u00e9se<\/li>\n<\/ul>\n\n\t\t\t\t\n\t\t\t<\/div>[\/vc_column][vc_column width=&#8221;1\/3&#8243;]<div class=\"pricing-plan pricing-color-true wpb_content_element\">\n\t\t\t\t<div class=\"pricing-plan-head\" style=\"background-color:#15bb34;\">\n\t\t\t\t\t<h3>Jogszab\u00e1lyi k\u00f6vetelm\u00e9nyek<\/h3>\n\t\t\t\t\t<div class=\"pricing-price\"><span class=\"pricing-amount\">Riportok k\u00e9sz\u00edt\u00e9se<\/span><span class=\"pricing-per\"><\/span><\/div>\n\t\t\t\t<\/div>\n\t\t\t\t\n<ul>\n<li>\u00c1FA bevall\u00e1s k\u00e9sz\u00edt\u00e9se<\/li>\n<li>Helyi ipar\u0171z\u00e9si ad\u00f3<\/li>\n<li>T\u00e1rsas\u00e1gi ad\u00f3<\/li>\n<li>Idegenforgalmi ad\u00f3<\/li>\n<li>Statisztikai jelent\u00e9sek<\/li>\n<li>Szem\u00e9lyi j\u00f6vedelemad\u00f3<\/li>\n<li>C\u00e9gaut\u00f3 ad\u00f3\/g\u00e9pj\u00e1rm\u0171 ad\u00f3<\/li>\n<li>Illet\u00e9k<\/li>\n<li>Ingatlanad\u00f3<\/li>\n<li>Import\/export v\u00e1mok<\/li>\n<\/ul>\n\n\t\t\t\t\n\t\t\t<\/div>[\/vc_column][vc_column width=&#8221;1\/3&#8243;]<div class=\"pricing-plan pricing-color-true wpb_content_element\">\n\t\t\t\t<div class=\"pricing-plan-head\" style=\"background-color:#314861;\">\n\t\t\t\t\t<h3>Hozz\u00e1adott \u00c9rt\u00e9k\u0171 Szolg\u00e1ltat\u00e1sok<\/h3>\n\t\t\t\t\t<div class=\"pricing-price\"><span class=\"pricing-amount\">Accounting<\/span><span class=\"pricing-per\"><\/span><\/div>\n\t\t\t\t<\/div>\n\t\t\t\t\n<ul>\n<li>Menedzsment riportok<\/li>\n<li>Cash-flow riport<\/li>\n<li>E-k\u00f6nyvel\u00e9s szolg\u00e1ltat\u00e1s<\/li>\n<li>Automatiz\u00e1lt bizonylat feldolgoz\u00e1s<\/li>\n<li>Gyors v\u00e1laszad\u00e1s<\/li>\n<li>Biztons\u00e1gos adatt\u00e1rol\u00e1s felh\u0151ben<\/li>\n<li>K\u00f6lts\u00e9gelemz\u00e9s<\/li>\n<\/ul>\n\n\t\t\t\t\n\t\t\t<\/div>[\/vc_column][\/vc_row][vc_row type=&#8221;full_width_section&#8221; bg_position=&#8221;left top&#8221;][vc_column width=&#8221;1\/1&#8243;]<div class=\"callout clearfix\" style=\"background-color:#15bb34; color:#ffffff;\">\n\t\t<div class=\"callout-text\">Vegye fel vel\u00fcnk a kapcsolatot \u00e9s tudja meg, mik\u00e9nt seg\u00edtik k\u00f6nyvel\u00e9si szolg\u00e1ltat\u00e1saink az \u00d6n v\u00e1llalkoz\u00e1s\u00e1t!<\/div>\n\t\t\t<div class=\"callout-button\"><a class=\"button medium color-8\" href=\"https:\/\/sterling.services\/contact-us\/\" target=\"_self\">Besz\u00e9ljen vel\u00fcnk!<\/a><\/div>\n\t\t<\/div>[\/vc_column][\/vc_row]<\/p>\n<\/div>","protected":false},"excerpt":{"rendered":"<p>[vc_row bg_image=&#8221;15445&#8243; parallax_bg=&#8221;true&#8221; top_padding=&#8221;190&#8243; bottom_padding=&#8221;100&#8243;][vc_column width=&#8221;1\/3&#8243;][\/vc_column][vc_column width=&#8221;1\/3&#8243;][\/vc_column][vc_column width=&#8221;1\/3&#8243;][\/vc_column][\/vc_row][vc_row top_padding=&#8221;100&#8243; bottom_padding=&#8221;100&#8243; bg_position=&#8221;left top&#8221;][vc_column width=&#8221;1\/3&#8243;][\/vc_column][vc_column width=&#8221;1\/3&#8243;][\/vc_column][vc_column width=&#8221;1\/3&#8243;][\/vc_column][\/vc_row][vc_row type=&#8221;full_width_section&#8221; bg_position=&#8221;left top&#8221;][vc_column bg_color=&#8221;#314861&#8243; column_padding=&#8221;padding-5&#8243; text_color=&#8221;custom&#8221; custom_text_color=&#8221;#1cbac8&#8243; width=&#8221;1\/2&#8243;][\/vc_column][vc_column bg_color=&#8221;#15bb34&#8243; column_padding=&#8221;padding-5&#8243; column_center=&#8221;true&#8221; text_color=&#8221;light&#8221; width=&#8221;1\/2&#8243;][\/vc_column][\/vc_row][vc_row text_color=&#8221;light&#8221; top_padding=&#8221;100&#8243; bottom_padding=&#8221;100&#8243;][vc_column width=&#8221;1\/3&#8243;][\/vc_column][vc_column width=&#8221;1\/3&#8243;][\/vc_column][vc_column width=&#8221;1\/3&#8243;][\/vc_column][\/vc_row][vc_row type=&#8221;full_width_section&#8221; bg_position=&#8221;left top&#8221;][vc_column width=&#8221;1\/1&#8243;][\/vc_column][\/vc_row]<\/p>\n","protected":false},"author":1,"featured_media":0,"parent":0,"menu_order":0,"comment_status":"open","ping_status":"open","template":"","meta":{"footnotes":""},"class_list":["post-15772","page","type-page","status-publish","hentry"],"_links":{"self":[{"href":"https:\/\/sterling.services\/hu\/wp-json\/wp\/v2\/pages\/15772","targetHints":{"allow":["GET"]}}],"collection":[{"href":"https:\/\/sterling.services\/hu\/wp-json\/wp\/v2\/pages"}],"about":[{"href":"https:\/\/sterling.services\/hu\/wp-json\/wp\/v2\/types\/page"}],"author":[{"embeddable":true,"href":"https:\/\/sterling.services\/hu\/wp-json\/wp\/v2\/users\/1"}],"replies":[{"embeddable":true,"href":"https:\/\/sterling.services\/hu\/wp-json\/wp\/v2\/comments?post=15772"}],"version-history":[{"count":9,"href":"https:\/\/sterling.services\/hu\/wp-json\/wp\/v2\/pages\/15772\/revisions"}],"predecessor-version":[{"id":15805,"href":"https:\/\/sterling.services\/hu\/wp-json\/wp\/v2\/pages\/15772\/revisions\/15805"}],"wp:attachment":[{"href":"https:\/\/sterling.services\/hu\/wp-json\/wp\/v2\/media?parent=15772"}],"curies":[{"name":"wp","href":"https:\/\/api.w.org\/{rel}","templated":true}]}}