{"id":15767,"date":"2020-12-30T11:05:38","date_gmt":"2020-12-30T11:05:38","guid":{"rendered":"https:\/\/sterling.services\/tax-advisory-in-hungary\/"},"modified":"2021-02-20T18:55:01","modified_gmt":"2021-02-20T18:55:01","slug":"adotanacsadas","status":"publish","type":"page","link":"https:\/\/sterling.services\/hu\/adotanacsadas\/","title":{"rendered":"Ad\u00f3tan\u00e1csad\u00e1s"},"content":{"rendered":"<div class=\"wpb-content-wrapper\"><p>[vc_row bg_image=&#8221;15475&#8243; parallax_bg=&#8221;true&#8221; top_padding=&#8221;190&#8243; bottom_padding=&#8221;100&#8243;][vc_column width=&#8221;1\/3&#8243;]<div class=\"flip\"><div class=\"iconbox  iconbox-style-9 icon-color-accent color-dark card clearfix\"><div class=\"iconbox-box1 face front\"><table><tr><td><i class=\"fa sl-directions boxicon\" style=\"\"><\/i><h3>Ad\u00f3tan\u00e1csad\u00e1s<\/h3><\/td><\/tr><\/table><\/div><div class=\"iconbox-box2 face back\"><table><tr><td><h3>Ad\u00f3tan\u00e1csad\u00e1s<\/h3><p>K\u00e9pzett ad\u00f3tan\u00e1csad\u00f3ink k\u00f6nnyed\u00e9n v\u00e9gigvezetik \u00d6nt a bonyolult ad\u00f3rendszeren.<\/p><\/td><\/tr><\/table><\/div><\/div><\/div>[\/vc_column][vc_column width=&#8221;1\/3&#8243;]<div class=\"flip\"><div class=\"iconbox  iconbox-style-9 icon-color-accent color-dark card clearfix\"><div class=\"iconbox-box1 face front\"><table><tr><td><i class=\"fa sl-list boxicon\" style=\"\"><\/i><h3>Teljes \u00c1tvil\u00e1g\u00edt\u00e1s<\/h3><\/td><\/tr><\/table><\/div><div class=\"iconbox-box2 face back\"><table><tr><td><h3>Teljes \u00c1tvil\u00e1g\u00edt\u00e1s<\/h3><p>\u00d6sszeolvad\u00e1sok, felv\u00e1s\u00e1rl\u00e1sok eset\u00e9n k\u00e9pzett tan\u00e1csad\u00f3ink seg\u00edts\u00e9get ny\u00fajtanak az \u00e1tvil\u00e1g\u00edt\u00e1sban annak \u00e9rdek\u00e9ben, hogy minden kock\u00e1zatot azonos\u00edtani tudjon.<\/p><\/td><\/tr><\/table><\/div><\/div><\/div>[\/vc_column][vc_column width=&#8221;1\/3&#8243;]<div class=\"flip\"><div class=\"iconbox  iconbox-style-9 icon-color-accent color-dark card clearfix\"><div class=\"iconbox-box1 face front\"><table><tr><td><i class=\"fa sl-support boxicon\" style=\"\"><\/i><h3>T\u00e1mogat\u00e1s<\/h3><\/td><\/tr><\/table><\/div><div class=\"iconbox-box2 face back\"><table><tr><td><h3>T\u00e1mogat\u00e1s<\/h3><p>Minden egyes\u00fcl\u00e9s, felv\u00e1s\u00e1rl\u00e1s vagy befektet\u00e9s el\u0151tt a megfelel\u0151 \u00e1tvil\u00e1g\u00edt\u00e1s seg\u00edti a kock\u00e1zatok felm\u00e9r\u00e9s\u00e9t, \u00e9s azok elker\u00fcl\u00e9s\u00e9t.<\/p><\/td><\/tr><\/table><\/div><\/div><\/div>[\/vc_column][\/vc_row][vc_row top_padding=&#8221;100&#8243; bottom_padding=&#8221;100&#8243; bg_position=&#8221;left top&#8221;][vc_column width=&#8221;1\/3&#8243;]<h2 class=\"headline font-special fontsize-m fontweight-700 lh-16 align-left transform-uppercase \" style=\"margin: 0;\">TAN\u00c1CSAD\u00d3 CSAPATUNK SZ\u00c1MTALAN M\u00d3DON SEG\u00cdTI \u00dcGYFELEINKET ANNAK \u00c9RDEK\u00c9BEN, HOGY SZ\u00c1MUKRA MINDEN \u00c9RTHET\u0150 LEGYEN<\/h2><div class=\"divider divider5\" style='margin:20px 0 0 0 !important;'><\/div>[\/vc_column][vc_column width=&#8221;1\/3&#8243;]<div class=\"iconbox  wpb_content_element iconbox-style-2 icon-color-greyscale color-dark clearfix\"><div class=\"iconbox-icon\"><i class=\"fa sl-check boxicon\" style=\"\"><\/i><\/div><div class=\"iconbox-content\"><h3>Ad\u00f3tan\u00e1csad\u00e1s<\/h3><p>Az ad\u00f3z\u00e1si szab\u00e1lyok gyakran \u00f6sszetettek \u00e9s megt\u00e9veszt\u0151ek. Nagy tapasztalattal rendelkez\u0151 ad\u00f3tan\u00e1csad\u00f3ink seg\u00edtenek megtal\u00e1lni az \u00d6n v\u00e1llalkoz\u00e1s\u00e1nak megfelel\u0151 utat.<\/p><\/div><\/div><div class=\"spacer\" style=\"height: 10px;\"><\/div><div class=\"iconbox  wpb_content_element iconbox-style-2 icon-color-greyscale color-dark clearfix\"><div class=\"iconbox-icon\"><i class=\"fa sl-speech boxicon\" style=\"\"><\/i><\/div><div class=\"iconbox-content\"><h3>\u00dczleti Konzult\u00e1ci\u00f3<\/h3><p>Tan\u00e1csot adunk az indul\u00f3 v\u00e1llalkoz\u00e1soknak a c\u00e9galap\u00edt\u00e1sban, a kezdeti szakaszokban val\u00f3 eligazod\u00e1sban valamint a b\u00fcntet\u00e9sek elker\u00fcl\u00e9s\u00e9vel kapcsolatos k\u00e9rd\u00e9sekben<\/p><\/div><\/div>[\/vc_column][vc_column width=&#8221;1\/3&#8243;]<div class=\"iconbox  wpb_content_element iconbox-style-2 icon-color-greyscale color-dark clearfix\"><div class=\"iconbox-icon\"><i class=\"fa sl-note boxicon\" style=\"\"><\/i><\/div><div class=\"iconbox-content\"><h3>Teljes \u00c1tvil\u00e1g\u00edt\u00e1s<\/h3><p>Minden egyes\u00fcl\u00e9s, felv\u00e1s\u00e1rl\u00e1s vagy befektet\u00e9s el\u0151tt a megfelel\u0151 \u00e1tvil\u00e1g\u00edt\u00e1s seg\u00edti a kock\u00e1zatok felm\u00e9r\u00e9s\u00e9t, \u00e9s azok elker\u00fcl\u00e9s\u00e9t.<\/p><\/div><\/div><div class=\"spacer\" style=\"height: 10px;\"><\/div><div class=\"iconbox  wpb_content_element iconbox-style-2 icon-color-greyscale color-dark clearfix\"><div class=\"iconbox-icon\"><i class=\"fa sl-pie-chart boxicon\" style=\"\"><\/i><\/div><div class=\"iconbox-content\"><h3>T\u00f6rv\u00e9nyes Beny\u00fajt\u00e1sok<\/h3><p>Legyen sz\u00f3 \u00e1ltal\u00e1nos havi ad\u00f3kr\u00f3l vagy \u00f6sszetett kereskedelmi v\u00e1mokr\u00f3l, csapatunk k\u00e9szen \u00e1ll arra, hogy elk\u00e9sz\u00edtse \u00e9s beny\u00fajtja az \u00f6sszes sz\u00fcks\u00e9ges bevall\u00e1st \u00e9s nyilatkozatot az \u00d6n v\u00e1llalkoz\u00e1sa r\u00e9sz\u00e9re.<\/p><\/div><\/div>[\/vc_column][\/vc_row][vc_row type=&#8221;full_width_section&#8221; bg_position=&#8221;left top&#8221;][vc_column bg_color=&#8221;#314861&#8243; column_padding=&#8221;padding-5&#8243; text_color=&#8221;custom&#8221; custom_text_color=&#8221;#1cbac8&#8243; width=&#8221;1\/2&#8243;]<h1 class=\"headline font-special fontsize-xxxxxl fontweight-inherit lh-12 align-left transform-uppercase \" style=\"margin: 0 0 20px 0; color: #15bb34;\">TUD\u00c1S, TAPASZTALAT, <span style=\"color: #ffffff;\">\u00c1TL\u00c1THAT\u00d3S\u00c1G.<\/span><\/h1>[\/vc_column][vc_column bg_color=&#8221;#15bb34&#8243; column_padding=&#8221;padding-5&#8243; column_center=&#8221;true&#8221; text_color=&#8221;light&#8221; width=&#8221;1\/2&#8243;]<div class=\"iconbox  wpb_content_element iconbox-style-2 icon-color-greyscale color-dark clearfix\"><div class=\"iconbox-icon\"><i class=\"fa sl-graduation boxicon\" style=\"\"><\/i><\/div><div class=\"iconbox-content\"><h3>Tud\u00e1s<\/h3><p>Csapatunk magasan k\u00e9pzett, energikus \u00e9s pozit\u00edv k\u00f6nyvel\u0151kb\u0151l \u00e9s tan\u00e1csad\u00f3kb\u00f3l \u00e1ll, akik tudj\u00e1k, hogyan alkalmazz\u00e1k tud\u00e1sukat, mik\u00f6zben \u00fajszer\u0171 l\u00e1t\u00e1sm\u00f3dot alkalmaznak.<\/p><\/div><\/div><div class=\"iconbox  wpb_content_element iconbox-style-2 icon-color-greyscale color-dark clearfix\"><div class=\"iconbox-icon\"><i class=\"fa sl-graph boxicon\" style=\"\"><\/i><\/div><div class=\"iconbox-content\"><h3>Tapasztalat<\/h3><p>T\u00f6bb, mint 10 \u00e9v k\u00f6nyvel\u00e9si tapasztalattal a h\u00e1tunk m\u00f6g\u00f6tt Magyarorsz\u00e1gon \u00e9s k\u00f6z\u00e9p-kelet-eur\u00f3pai orsz\u00e1gokban, tudjuk, mik\u00e9nt seg\u00edts\u00fcnk \u00fcgyfeleinket kih\u00edv\u00e1saikban.<\/p><\/div><\/div><div class=\"iconbox  wpb_content_element iconbox-style-2 icon-color-greyscale color-dark clearfix\"><div class=\"iconbox-icon\"><i class=\"fa sl-like boxicon\" style=\"\"><\/i><\/div><div class=\"iconbox-content\"><h3>\u00c1tl\u00e1that\u00f3s\u00e1g<\/h3><p>B\u00fcszk\u00e9k vagyunk \u00fcgyfeleinkkel val\u00f3 egy\u00fcttm\u0171k\u00fcd\u00e9s\u00fcnk min\u0151s\u00e9g\u00e9re, minden esetben \u00e9rtes\u00edtj\u00fck \u0151ket a v\u00e1rhat\u00f3 kock\u00e1zatokr\u00f3l, \u00e9s a legjobb megold\u00e1sokat ny\u00fajtjuk ezek elker\u00fcl\u00e9se \u00e9rdek\u00e9ben.<\/p><\/div><\/div>[\/vc_column][\/vc_row][vc_row text_color=&#8221;light&#8221; top_padding=&#8221;100&#8243; bottom_padding=&#8221;100&#8243;][vc_column width=&#8221;1\/2&#8243;]<div class=\"pricing-plan pricing-color-true wpb_content_element\">\n\t\t\t\t<div class=\"pricing-plan-head\" style=\"background-color:#314861;\">\n\t\t\t\t\t<h3>\u00c1ltal\u00e1nos Szolg\u00e1ltat\u00e1sok<\/h3>\n\t\t\t\t\t<div class=\"pricing-price\"><span class=\"pricing-amount\">Ad\u00f3tan\u00e1csad\u00e1s<\/span><span class=\"pricing-per\"><\/span><\/div>\n\t\t\t\t<\/div>\n\t\t\t\t\n<ul>\n<li>Ad\u00f3kulcs kutat\u00e1s<\/li>\n<li>Ad\u00f3z\u00e1si terv el\u0151k\u00e9sz\u00edt\u00e9se<\/li>\n<li>Hossz\u00fa-, \u00e9s r\u00f6vidt\u00e1v\u00fa tervez\u00e9s<\/li>\n<li>Ad\u00f3bevall\u00e1s-beny\u00fajt\u00e1s<\/li>\n<li>Ad\u00f3z\u00e1si el\u0151ny\u00f6k megtervez\u00e9se<\/li>\n<li>Ad\u00f3z\u00e1si k\u00f6lts\u00e9gvet\u00e9s tervez\u00e9se<\/li>\n<li>R\u00e9szletfizet\u00e9si k\u00e9relem elk\u00e9sz\u00edt\u00e9se<\/li>\n<\/ul>\n\n\t\t\t\t\n\t\t\t<\/div>[\/vc_column][vc_column width=&#8221;1\/2&#8243;]<div class=\"pricing-plan pricing-color-true wpb_content_element\">\n\t\t\t\t<div class=\"pricing-plan-head\" style=\"background-color:#15bb34;\">\n\t\t\t\t\t<h3>Szem\u00e9lyreszabott Szolg\u00e1ltat\u00e1sok<\/h3>\n\t\t\t\t\t<div class=\"pricing-price\"><span class=\"pricing-amount\">Konzult\u00e1ci\u00f3<\/span><span class=\"pricing-per\"><\/span><\/div>\n\t\t\t\t<\/div>\n\t\t\t\t\n<ul>\n<li>Start-up c\u00e9gek tervez\u00e9se<\/li>\n<li>B\u00e9rsz\u00e1mfejt\u00e9si el\u0151ny\u00f6k tervez\u00e9se<\/li>\n<li>C\u00e9gstrukt\u00far\u00e1l\u00e1s, optimaliz\u00e1l\u00e1s<\/li>\n<li>Teljes \u00c1tvil\u00e1g\u00edt\u00e1s<\/li>\n<li>Egyes\u00fcl\u00e9s &amp; Felv\u00e1s\u00e1rl\u00e1s<\/li>\n<li>Transzfer\u00e1r nyilv\u00e1ntart\u00e1s k\u00e9sz\u00edt\u00e9se<\/li>\n<li>Helyi ad\u00f3tervez\u00e9s<\/li>\n<\/ul>\n\n\t\t\t\t\n\t\t\t<\/div>[\/vc_column][\/vc_row][vc_row type=&#8221;full_width_section&#8221; bg_position=&#8221;left top&#8221;][vc_column width=&#8221;1\/1&#8243;]<div class=\"callout clearfix\" style=\"background-color:#15bb34; color:#ffffff;\">\n\t\t<div class=\"callout-text\">Vegye fel vel\u00fcnk a kapcsolatot \u00e9s tudja meg, mik\u00e9nt seg\u00edtik ad\u00f3tan\u00e1csad\u00e1s szolg\u00e1ltat\u00e1saink az \u00d6n v\u00e1llalkoz\u00e1s\u00e1t!<\/div>\n\t\t\t<div class=\"callout-button\"><a class=\"button medium color-8\" href=\"https:\/\/sterling.services\/contact-us\/\" target=\"_self\">Besz\u00e9ljen vel\u00fcnk!<\/a><\/div>\n\t\t<\/div>[\/vc_column][\/vc_row]<\/p>\n<\/div>","protected":false},"excerpt":{"rendered":"<p>[vc_row bg_image=&#8221;15475&#8243; parallax_bg=&#8221;true&#8221; top_padding=&#8221;190&#8243; bottom_padding=&#8221;100&#8243;][vc_column width=&#8221;1\/3&#8243;][\/vc_column][vc_column width=&#8221;1\/3&#8243;][\/vc_column][vc_column width=&#8221;1\/3&#8243;][\/vc_column][\/vc_row][vc_row top_padding=&#8221;100&#8243; bottom_padding=&#8221;100&#8243; bg_position=&#8221;left top&#8221;][vc_column width=&#8221;1\/3&#8243;][\/vc_column][vc_column width=&#8221;1\/3&#8243;][\/vc_column][vc_column width=&#8221;1\/3&#8243;][\/vc_column][\/vc_row][vc_row type=&#8221;full_width_section&#8221; bg_position=&#8221;left top&#8221;][vc_column bg_color=&#8221;#314861&#8243; column_padding=&#8221;padding-5&#8243; text_color=&#8221;custom&#8221; custom_text_color=&#8221;#1cbac8&#8243; width=&#8221;1\/2&#8243;][\/vc_column][vc_column bg_color=&#8221;#15bb34&#8243; column_padding=&#8221;padding-5&#8243; column_center=&#8221;true&#8221; text_color=&#8221;light&#8221; width=&#8221;1\/2&#8243;][\/vc_column][\/vc_row][vc_row text_color=&#8221;light&#8221; top_padding=&#8221;100&#8243; bottom_padding=&#8221;100&#8243;][vc_column width=&#8221;1\/2&#8243;][\/vc_column][vc_column width=&#8221;1\/2&#8243;][\/vc_column][\/vc_row][vc_row type=&#8221;full_width_section&#8221; bg_position=&#8221;left top&#8221;][vc_column width=&#8221;1\/1&#8243;][\/vc_column][\/vc_row]<\/p>\n","protected":false},"author":1,"featured_media":0,"parent":0,"menu_order":0,"comment_status":"open","ping_status":"open","template":"","meta":{"footnotes":""},"class_list":["post-15767","page","type-page","status-publish","hentry"],"_links":{"self":[{"href":"https:\/\/sterling.services\/hu\/wp-json\/wp\/v2\/pages\/15767","targetHints":{"allow":["GET"]}}],"collection":[{"href":"https:\/\/sterling.services\/hu\/wp-json\/wp\/v2\/pages"}],"about":[{"href":"https:\/\/sterling.services\/hu\/wp-json\/wp\/v2\/types\/page"}],"author":[{"embeddable":true,"href":"https:\/\/sterling.services\/hu\/wp-json\/wp\/v2\/users\/1"}],"replies":[{"embeddable":true,"href":"https:\/\/sterling.services\/hu\/wp-json\/wp\/v2\/comments?post=15767"}],"version-history":[{"count":6,"href":"https:\/\/sterling.services\/hu\/wp-json\/wp\/v2\/pages\/15767\/revisions"}],"predecessor-version":[{"id":15802,"href":"https:\/\/sterling.services\/hu\/wp-json\/wp\/v2\/pages\/15767\/revisions\/15802"}],"wp:attachment":[{"href":"https:\/\/sterling.services\/hu\/wp-json\/wp\/v2\/media?parent=15767"}],"curies":[{"name":"wp","href":"https:\/\/api.w.org\/{rel}","templated":true}]}}