{"id":15762,"date":"2020-07-04T10:38:55","date_gmt":"2020-07-04T10:38:55","guid":{"rendered":"https:\/\/sterling.services\/about-us-classic\/"},"modified":"2021-02-11T15:51:20","modified_gmt":"2021-02-11T15:51:20","slug":"rolunk","status":"publish","type":"page","link":"https:\/\/sterling.services\/hu\/rolunk\/","title":{"rendered":"R\u00f3lunk"},"content":{"rendered":"<div class=\"wpb-content-wrapper\"><p>[vc_row bg_color=&#8221;#15bb34&#8243; top_padding=&#8221;120&#8243; bottom_padding=&#8221;120&#8243; bg_position=&#8221;center center&#8221;][vc_column width=&#8221;1\/1&#8243;]<h1 class=\"headline font-special fontsize-xxxl fontweight-700 lh-13 align-left transform-inherit lowercase\" style=\"margin: 0 0 20px 0; color: #ffffff;\">K\u00f6nyvel\u0151 &amp; ad\u00f3tan\u00e1csad\u00f3 v\u00e1llalkoz\u00e1s<br \/>\nElhivatotts\u00e1g az \u00fcgyfeleinknek ny\u00fajtott kiv\u00e9teles \u00e9rt\u00e9kek ir\u00e1nt<\/h1><div class=\"headline font-inherit fontsize-xxl fontweight-300 lh-inherit align-left transform-inherit \" style=\"margin: 0; color: #ffffff;\">Szak\u00e9rt\u0151ink f\u00e1radhatatlan er\u0151fesz\u00edt\u00e9sei jelent\u0151s \u00e9rt\u00e9ket k\u00e9pviselnek<br \/>\nkis- \u00e9s nagyv\u00e1llalkoz\u00e1soknak.<\/div>[\/vc_column][\/vc_row][vc_row top_padding=&#8221;100&#8243; bottom_padding=&#8221;100&#8243;][vc_column width=&#8221;2\/3&#8243;]<div class=\"headline font-inherit fontsize-m fontweight-inherit lh-19 align-left transform-inherit \" style=\"margin: 0; color: #666666;\">Az elm\u00falt 10 \u00e9vben k\u00f6nyvel\u00e9si \u00e9s ad\u00f3tan\u00e1csad\u00e1si szolg\u00e1ltat\u00e1sokat ny\u00fajtottunk \u00fcgyfeleink sz\u00e1m\u00e1ra. Csapatunk fokozatosan n\u00f6vekedett, elhivatotts\u00e1gunk mellett, annak \u00e9rdek\u00e9ben hogy szolg\u00e1ltat\u00e1saink sz\u00e9les k\u00f6rben kiszolg\u00e1lj\u00e1k \u00fcgyfeleink ig\u00e9nyeit.<\/div>[\/vc_column][vc_column text_align=&#8221;right&#8221; width=&#8221;1\/3&#8243;][vc_column_text]<a href=\"https:\/\/sterling.services\/contact-us\/\" target=\"_self\" class=\"button color-2 large \" style=\"border-radius: 2px;\">Dolgozzon Vel\u00fcnk!<\/a> <a href=\"https:\/\/sterling.services\/accounting-in-hungary\/\" target=\"_self\" class=\"button color-3 large \" style=\"border-radius: 2px;\">Szolg\u00e1ltat\u00e1saink<\/a>[\/vc_column_text][\/vc_column][\/vc_row][vc_row type=&#8221;full_width_section&#8221; bg_position=&#8221;left top&#8221;][vc_column bg_color=&#8221;#314861&#8243; column_padding=&#8221;padding-5&#8243; column_center=&#8221;true&#8221; text_color=&#8221;light&#8221; width=&#8221;1\/3&#8243;][vc_column_text]<\/p>\n<h3 class=\"font-special\">Mi tesz minket k\u00fcl\u00f6nlegess\u00e9?<\/h3>\n<p>Nemcsak 100% -os \u00e1tl\u00e1that\u00f3s\u00e1ggal m\u0171k\u00f6d\u00fcnk, hanem b\u00fcszk\u00e9k vagyunk arra, hogy \u00fajszer\u0171 megk\u00f6zel\u00edt\u00e9st alkalmazunk annak \u00e9rdek\u00e9ben, hogy megbizonyosodhassunk arr\u00f3l, hogy az egy\u00e9bk\u00e9nt szok\u00e1sos sz\u00e1mviteli \u00e9s ad\u00f3tan\u00e1csad\u00e1s val\u00f3ban valami kiv\u00e9teles dolog. \u00dcgyfeleink csakis ebben form\u00e1ban \u00e9rezhetik igaz\u00e1n a kapott szolg\u00e1ltat\u00e1sok \u00e9rt\u00e9keit.[\/vc_column_text][\/vc_column][vc_column bg_image=&#8221;15580&#8243; column_padding=&#8221;padding-5&#8243; column_center=&#8221;true&#8221; width=&#8221;1\/3&#8243;]<div class=\"spacer\" style=\"height: 200px;\"><\/div>[\/vc_column][vc_column bg_color=&#8221;#fafafa&#8221; bg_image=&#8221;15584&#8243; column_padding=&#8221;padding-5&#8243; column_center=&#8221;true&#8221; width=&#8221;1\/3&#8243;]<div class=\"spacer\" style=\"height: 200px;\"><\/div>[\/vc_column][\/vc_row][vc_row type=&#8221;full_width_section&#8221; bg_position=&#8221;left top&#8221;][vc_column bg_image=&#8221;15582&#8243; column_padding=&#8221;padding-5&#8243; column_center=&#8221;true&#8221; width=&#8221;1\/3&#8243;]<div class=\"spacer\" style=\"height: 200px;\"><\/div>[\/vc_column][vc_column bg_color=&#8221;#15bb34&#8243; column_padding=&#8221;padding-5&#8243; column_center=&#8221;true&#8221; text_color=&#8221;light&#8221; width=&#8221;1\/3&#8243;][vc_column_text]<\/p>\n<h3 class=\"font-special\">\u00cdgy Dolgozunk Mi<\/h3>\n<p>Sz\u00e1mviteli \u00e9s ad\u00f3tan\u00e1csad\u00f3 szak\u00e9rt\u0151ink elemzik az egyes \u00fcgyfelek ig\u00e9nyeit, \u00e9s megpr\u00f3b\u00e1lj\u00e1k az ad\u00f3- \u00e9s sz\u00e1mviteli m\u0171veleteket saj\u00e1t ig\u00e9nyeikhez igaz\u00edtani a kock\u00e1zatok m\u00e9rs\u00e9kl\u00e9se \u00e9s az el\u0151ny\u00f6k maximaliz\u00e1l\u00e1sa \u00e9rdek\u00e9ben. Szeretn\u00e9nk megbizonyosodni arr\u00f3l, hogy \u00fcgyfeleink nem csak egy m\u00e1sik szolg\u00e1ltat\u00f3nak tekintenek minket, hanem ink\u00e1bb egy megb\u00edzhat\u00f3 partnernek, aki val\u00f3ban \u00e9rt\u00e9ket tud adni v\u00e1llalkoz\u00e1sukhoz.<\/p>\n<a href=\"https:\/\/sterling.services\/tax-advisory-in-hungary\/\" target=\"_self\" class=\"button color-8 medium \" style=\"border-radius: 2px;\">Ad\u00f3tan\u00e1csad\u00e1s<\/a>[\/vc_column_text][\/vc_column][vc_column bg_image=&#8221;15578&#8243; column_padding=&#8221;padding-5&#8243; column_center=&#8221;true&#8221; width=&#8221;1\/3&#8243;]<div class=\"spacer\" style=\"height: 200px;\"><\/div>[\/vc_column][\/vc_row][vc_row top_padding=&#8221;40&#8243; bottom_padding=&#8221;40&#8243; bg_position=&#8221;left top&#8221;][vc_column width=&#8221;1\/4&#8243;]<div class=\"counter clearfix wpb_content_element\"><div class=\"counter-number\" style=\"color: #444444 !important;\">51<\/div><span class=\"counter-title\">El\u00e9gedett \u00dcgyf\u00e9l<\/span><\/div>[\/vc_column][vc_column width=&#8221;1\/4&#8243;]<div class=\"counter clearfix wpb_content_element\"><div class=\"counter-number\" style=\"color: #444444 !important;\">46<\/div><span class=\"counter-title\">Egyes\u00fcl\u00e9ses Konzult\u00e1ci\u00f3<\/span><\/div>[\/vc_column][vc_column width=&#8221;1\/4&#8243;]<div class=\"counter clearfix wpb_content_element\"><div class=\"counter-number\" style=\"color: #444444 !important;\">10<\/div><span class=\"counter-title\">\u00c9v Tapasztalat<\/span><\/div>[\/vc_column][vc_column width=&#8221;1\/4&#8243;]<div class=\"counter clearfix wpb_content_element\"><div class=\"counter-number\" style=\"color: #444444 !important;\">12<\/div><span class=\"counter-title\">Glob\u00e1lis Partner<\/span><\/div>[\/vc_column][\/vc_row][vc_row type=&#8221;full_width_section&#8221; bg_position=&#8221;left top&#8221;][vc_column width=&#8221;1\/1&#8243;]<div class=\"divider divider1\" style='margin:0 !important;'><\/div>[\/vc_column][\/vc_row][vc_row top_padding=&#8221;120&#8243; class=&#8221;hidden&#8221; bg_position=&#8221;left top&#8221;][vc_column width=&#8221;1\/1&#8243;]<h2 class=\"headline font-special fontsize-xl fontweight-700 lh-inherit align-center transform-uppercase \" style=\"margin: 0 0 20px 0;\">Our Fantastic Team<\/h2><div class=\"headline font-inherit fontsize-l fontweight-inherit lh-inherit align-center transform-inherit \" style=\"margin: 0 0 20px 0; color: #999999;\">Interfaces semantic; deliverables users, seamless beta-test implement tag, communities virtual, global, solutions synthesize blogospheres models partnerships innovate evolve channels, repurpose.<\/div>[\/vc_column][\/vc_row][vc_row top_padding=&#8221;40&#8243; bottom_padding=&#8221;120&#8243; class=&#8221;hidden&#8221; bg_position=&#8221;center center&#8221;][vc_column width=&#8221;1\/3&#8243;]<div class=\"member wpb_content_element\"><div class=\"member-img\"><img decoding=\"async\" src=\"https:\/\/sterling.services\/wp-content\/uploads\/2014\/09\/demoimage.jpg\" alt=\"\" \/><\/div><h4>Frank Abagnale<\/h4><div class=\"member-role\">CEO &amp; Marketing Manager<\/div><div class=\"member-content\"><p>Redantium, totam rem aperiam, eaque ipsa qu ab illo inventore veritatis et quasi architectos beatae vitae dicta sunt explicabo. Nemo enim.<\/p><\/div><ul class=\"social-icons clearfix\"><li class=\"social-icon social-twitter\"><a href=\"http:\/\/twitter.com\" target=\"_blank\" title=\"Twitter\"><i class=\"fa fa-twitter\"><\/i><\/a><\/li><li class=\"social-icon social-facebook\"><a href=\"http:\/\/facebook.com\" target=\"_blank\" title=\"Facebook\"><i class=\"fa fa-facebook\"><\/i><\/a><\/li><li class=\"social-icon social-skype\"><a href=\"http:\/\/skype.com\" target=\"_blank\" title=\"Skype\"><i class=\"fa fa-skype\"><\/i><\/a><\/li><li class=\"social-icon social-email\"><a href=\"mailto:mailto:info@example.com\" title=\"Mail\"><i class=\"fa fa-send-o\"><\/i><\/a><\/li><\/ul><\/div>[\/vc_column][vc_column width=&#8221;1\/3&#8243;]<div class=\"member wpb_content_element\"><div class=\"member-img\"><img decoding=\"async\" src=\"https:\/\/sterling.services\/wp-content\/uploads\/2014\/09\/demoimage.jpg\" alt=\"\" \/><\/div><h4>Jane Hunter<\/h4><div class=\"member-role\">Account Manager<\/div><div class=\"member-content\"><p>Redantium, totam rem aperiam, eaque ipsa qu ab illo inventore veritatis et quasi architectos beatae vitae dicta sunt explicabo. Nemo enim.<\/p><\/div><ul class=\"social-icons clearfix\"><li class=\"social-icon social-skype\"><a href=\"http:\/\/skype.com\" target=\"_blank\" title=\"Skype\"><i class=\"fa fa-skype\"><\/i><\/a><\/li><li class=\"social-icon social-google\"><a href=\"http:\/\/googleplus.com\" target=\"_blank\" title=\"Google+\"><i class=\"fa fa-google-plus\"><\/i><\/a><\/li><li class=\"social-icon social-linkedin\"><a href=\"http:\/\/linkedin.com\" target=\"_blank\" title=\"LinkedIn\"><i class=\"fa fa-linkedin\"><\/i><\/a><\/li><\/ul><\/div>[\/vc_column][vc_column width=&#8221;1\/3&#8243;]<div class=\"member wpb_content_element\"><div class=\"member-img\"><img decoding=\"async\" src=\"https:\/\/sterling.services\/wp-content\/uploads\/2014\/09\/demoimage.jpg\" alt=\"\" \/><\/div><h4>David Miller<\/h4><div class=\"member-role\">UX Designer<\/div><div class=\"member-content\"><p>Redantium, totam rem aperiam, eaque ipsa qu ab illo inventore veritatis et quasi architectos beatae vitae dicta sunt explicabo. Nemo enim.<\/p><\/div><ul class=\"social-icons clearfix\"><li class=\"social-icon social-twitter\"><a href=\"http:\/\/twitter.com\" target=\"_blank\" title=\"Twitter\"><i class=\"fa fa-twitter\"><\/i><\/a><\/li><li class=\"social-icon social-facebook\"><a href=\"http:\/\/facebook.com\" target=\"_blank\" title=\"Facebook\"><i class=\"fa fa-facebook\"><\/i><\/a><\/li><li class=\"social-icon social-email\"><a href=\"mailto:mailto:info@example.com\" title=\"Mail\"><i class=\"fa fa-send-o\"><\/i><\/a><\/li><\/ul><\/div>[\/vc_column][\/vc_row][vc_row bg_color=&#8221;#fafafa&#8221; text_align=&#8221;center&#8221; top_padding=&#8221;120&#8243; bottom_padding=&#8221;120&#8243; bg_position=&#8221;left top&#8221;][vc_column width=&#8221;1\/1&#8243;]<h2 class=\"headline font-special fontsize-xl fontweight-700 lh-inherit align-center transform-uppercase \" style=\"margin: 0 0 20px 0;\">Szeretn\u00e9nk \u00d6nnel dolgozni!<\/h2><div class=\"headline font-inherit fontsize-l fontweight-inherit lh-inherit align-center transform-inherit \" style=\"margin: 0 0 40px 0; color: #999999;\">N\u00e9zze meg a szolg\u00e1ltat\u00e1saink list\u00e1j\u00e1t, vagy \u00edrjon nek\u00fcnk e-mailt, ha \u00e9rdekl\u0151dik sz\u00e1mviteli \u00e9s ad\u00f3tan\u00e1csad\u00f3 szolg\u00e1ltat\u00e1saink ir\u00e1nt. Mindig keress\u00fck az \u00faj kih\u00edv\u00e1sokat, \u00e9s k\u00e9szek vagyunk seg\u00edteni v\u00e1llalkoz\u00e1s\u00e1t az ad\u00f3- \u00e9s m\u0171k\u00f6d\u00e9si kock\u00e1zatok minimaliz\u00e1l\u00e1s\u00e1ban \u00e9s a n\u00f6veked\u00e9s maximaliz\u00e1l\u00e1s\u00e1ban.<\/div>[vc_column_text]<a href=\"https:\/\/sterling.services\/contact-us\/\" target=\"_self\" class=\"button color-2 large \" style=\"border-radius: 2px;\">L\u00e9pjen kapcsolatba vel\u00fcnk!<\/a>[\/vc_column_text][\/vc_column][\/vc_row][vc_row bg_color=&#8221;#15bb34&#8243; text_color=&#8221;light&#8221; top_padding=&#8221;120&#8243; bottom_padding=&#8221;120&#8243;][vc_column width=&#8221;1\/1&#8243;]<h2 class=\"headline font-special fontsize-xl fontweight-700 lh-inherit align-center transform-uppercase \" style=\"margin: 0 0 20px 0;\">Tudjon meg t\u00f6bbet r\u00f3lunk!<\/h2><div class=\"testimonial-slider-wrap wpb_content_element\"><div class=\"testimonial-slide\">\u00dcgyfeleink sz\u00e9les k\u00f6rben tev\u00e9kenykednek. T\u00f6bbek k\u00f6z\u00f6tt \u00fcgyfelink k\u00f6z\u00f6tt tudhatunk v\u00e1llalkoz\u00e1sokat az informatika, a gy\u00f3gyszeripar, a vend\u00e9gl\u00e1t\u00e1s \u00e9s az ingatlankeresked\u00e9s ter\u00fclet\u00e9r\u0151l. \u00dcgyfeleink a helyi kisv\u00e1llalkoz\u00e1sokt\u00f3l kezdve a t\u00f6bb fi\u00f3kkal rendelkez\u0151 region\u00e1lis v\u00e1llalatokig terjednek.<span>&#45; <\/span><\/div><div class=\"testimonial-slide\">Region\u00e1lis kirendelts\u00e9geink mellett a fi\u00f3kh\u00e1l\u00f3zatunkon k\u00edv\u00fcli \u00fcgyfeleknek is szolg\u00e1ltat\u00e1sokat tudunk ny\u00fajtani a partnerh\u00e1l\u00f3zatunkon kereszt\u00fcl. \u00cdgy Eur\u00f3pa-szerte sz\u00e1mviteli \u00e9s ad\u00f3tan\u00e1csad\u00e1si szolg\u00e1ltat\u00e1sokkal tudjuk seg\u00edteni \u00fcgyfeleinket.<span>&#45; <\/span><\/div><\/div>[\/vc_column][\/vc_row][vc_row top_padding=&#8221;120&#8243; bottom_padding=&#8221;80&#8243; bg_position=&#8221;left top&#8221;][vc_column width=&#8221;1\/1&#8243;]<h2 class=\"headline font-special fontsize-xl fontweight-700 lh-inherit align-center transform-uppercase \" style=\"margin: 0 0 20px 0;\">\u00c1ltalunk biztos\u00edtott szolg\u00e1ltat\u00e1sok<\/h2><div class=\"headline font-inherit fontsize-l fontweight-inherit lh-inherit align-center transform-inherit \" style=\"margin: 0 0 40px 0; color: #999999;\">H\u00e1rom kateg\u00f3ri\u00e1ban k\u00edn\u00e1lunk professzion\u00e1lis szolg\u00e1ltat\u00e1sokat. Szolg\u00e1ltat\u00e1saink sz\u00e9lesk\u00f6r\u0171ek, legyen sz\u00f3 \u00e1ltal\u00e1nos szolg\u00e1ltat\u00e1sokr\u00f3l vagy egy adott \u00fcgyf\u00e9l sz\u00e1m\u00e1ra szem\u00e9lyre szabott szolg\u00e1ltat\u00e1sokr\u00f3l. Csapatunk k\u00e9sz seg\u00edteni \u00e9s \u00e9rt\u00e9ket teremteni \u00fcgyfeleink sz\u00e1m\u00e1ra.<\/div>[vc_row_inner][vc_column_inner width=&#8221;1\/3&#8243;][vc_column_text]<\/p>\n<h6>Sz\u00e1mviteli Szolg\u00e1ltat\u00e1sok<\/h6>\n<p>\u00c1tfog\u00f3 k\u00f6nyvel\u00e9si szolg\u00e1ltat\u00e1sokat k\u00edn\u00e1lunk b\u00e1rmely v\u00e1llalkoz\u00e1snak \u00e9s mag\u00e1nszem\u00e9lynek, b\u00e1mely ipar\u00e1gakban.[\/vc_column_text][\/vc_column_inner][vc_column_inner width=&#8221;1\/3&#8243;][vc_column_text]<\/p>\n<h6>Tan\u00e1csad\u00e1s<\/h6>\n<p>Tapasztalt ad\u00f3tan\u00e1csad\u00f3ink seg\u00edts\u00e9get ny\u00fajtanak az \u00fcgyfeleinknek ad\u00f3tervez\u00e9sben, kock\u00e1zatkezel\u00e9sben, teljes \u00e1tvil\u00e1g\u00edt\u00e1sban \u00e9s ak\u00e1r a v\u00e1llalkoz\u00e1sok \u00e1talak\u00edt\u00e1s\u00e1val, egyes\u00fcl\u00e9s\u00e9vel \u00e9s felv\u00e1s\u00e1rl\u00e1s\u00e1val kapcsolatos teend\u0151kben is.[\/vc_column_text][\/vc_column_inner][vc_column_inner width=&#8221;1\/3&#8243;][vc_column_text]<\/p>\n<h6>B\u00e9rsz\u00e1mfejt\u00e9si Szolg\u00e1ltat\u00e1sok<\/h6>\n<p>Szolg\u00e1ltat\u00e1sunk kiterjed a b\u00e9rsz\u00e1mfejt\u00e9shez kapcsol\u00f3d\u00f3 ter\u00fcletekre, mind az ad\u00f3k, j\u00e1rul\u00e9kok, t\u00e1pp\u00e9nz \u00e9s k\u00fcl\u00f6nf\u00e9le juttat\u00e1sok rendez\u00e9s\u00e9re, riportok k\u00e9sz\u00edt\u00e9s\u00e9re.[\/vc_column_text][\/vc_column_inner][\/vc_row_inner][\/vc_column][\/vc_row]<\/p>\n<\/div>","protected":false},"excerpt":{"rendered":"<p>[vc_row bg_color=&#8221;#15bb34&#8243; top_padding=&#8221;120&#8243; bottom_padding=&#8221;120&#8243; bg_position=&#8221;center center&#8221;][vc_column width=&#8221;1\/1&#8243;][\/vc_column][\/vc_row][vc_row top_padding=&#8221;100&#8243; bottom_padding=&#8221;100&#8243;][vc_column width=&#8221;2\/3&#8243;][\/vc_column][vc_column text_align=&#8221;right&#8221; width=&#8221;1\/3&#8243;][vc_column_text] [\/vc_column_text][\/vc_column][\/vc_row][vc_row type=&#8221;full_width_section&#8221; bg_position=&#8221;left top&#8221;][vc_column bg_color=&#8221;#314861&#8243; column_padding=&#8221;padding-5&#8243; column_center=&#8221;true&#8221; text_color=&#8221;light&#8221; width=&#8221;1\/3&#8243;][vc_column_text] Mi tesz minket k\u00fcl\u00f6nlegess\u00e9? Nemcsak 100% -os \u00e1tl\u00e1that\u00f3s\u00e1ggal m\u0171k\u00f6d\u00fcnk, hanem b\u00fcszk\u00e9k vagyunk arra, hogy \u00fajszer\u0171 megk\u00f6zel\u00edt\u00e9st alkalmazunk annak \u00e9rdek\u00e9ben, hogy megbizonyosodhassunk arr\u00f3l, hogy az egy\u00e9bk\u00e9nt szok\u00e1sos sz\u00e1mviteli \u00e9s ad\u00f3tan\u00e1csad\u00e1s val\u00f3ban valami kiv\u00e9teles dolog. \u00dcgyfeleink csakis ebben form\u00e1ban \u00e9rezhetik igaz\u00e1n a kapott szolg\u00e1ltat\u00e1sok \u00e9rt\u00e9keit.[\/vc_column_text][\/vc_column][vc_column bg_image=&#8221;15580&#8243; column_padding=&#8221;padding-5&#8243; column_center=&#8221;true&#8221; width=&#8221;1\/3&#8243;][\/vc_column][vc_column bg_color=&#8221;#fafafa&#8221; bg_image=&#8221;15584&#8243; column_padding=&#8221;padding-5&#8243; column_center=&#8221;true&#8221; width=&#8221;1\/3&#8243;][\/vc_column][\/vc_row][vc_row type=&#8221;full_width_section&#8221; bg_position=&#8221;left top&#8221;][vc_column bg_image=&#8221;15582&#8243; column_padding=&#8221;padding-5&#8243; column_center=&#8221;true&#8221; width=&#8221;1\/3&#8243;][\/vc_column][vc_column bg_color=&#8221;#15bb34&#8243; column_padding=&#8221;padding-5&#8243; column_center=&#8221;true&#8221; text_color=&#8221;light&#8221; width=&#8221;1\/3&#8243;][vc_column_text] \u00cdgy Dolgozunk Mi Sz\u00e1mviteli \u00e9s ad\u00f3tan\u00e1csad\u00f3 szak\u00e9rt\u0151ink elemzik az egyes \u00fcgyfelek ig\u00e9nyeit, \u00e9s megpr\u00f3b\u00e1lj\u00e1k az ad\u00f3- \u00e9s sz\u00e1mviteli m\u0171veleteket saj\u00e1t ig\u00e9nyeikhez igaz\u00edtani a kock\u00e1zatok m\u00e9rs\u00e9kl\u00e9se \u00e9s az el\u0151ny\u00f6k maximaliz\u00e1l\u00e1sa \u00e9rdek\u00e9ben. Szeretn\u00e9nk megbizonyosodni arr\u00f3l, hogy \u00fcgyfeleink nem csak egy m\u00e1sik szolg\u00e1ltat\u00f3nak tekintenek minket, hanem ink\u00e1bb egy megb\u00edzhat\u00f3 partnernek, aki val\u00f3ban \u00e9rt\u00e9ket tud adni v\u00e1llalkoz\u00e1sukhoz. [\/vc_column_text][\/vc_column][vc_column bg_image=&#8221;15578&#8243; column_padding=&#8221;padding-5&#8243; column_center=&#8221;true&#8221; width=&#8221;1\/3&#8243;][\/vc_column][\/vc_row][vc_row top_padding=&#8221;40&#8243; bottom_padding=&#8221;40&#8243; bg_position=&#8221;left top&#8221;][vc_column width=&#8221;1\/4&#8243;][\/vc_column][vc_column width=&#8221;1\/4&#8243;][\/vc_column][vc_column width=&#8221;1\/4&#8243;][\/vc_column][vc_column width=&#8221;1\/4&#8243;][\/vc_column][\/vc_row][vc_row type=&#8221;full_width_section&#8221; bg_position=&#8221;left top&#8221;][vc_column width=&#8221;1\/1&#8243;][\/vc_column][\/vc_row][vc_row top_padding=&#8221;120&#8243; class=&#8221;hidden&#8221; bg_position=&#8221;left top&#8221;][vc_column width=&#8221;1\/1&#8243;][\/vc_column][\/vc_row][vc_row top_padding=&#8221;40&#8243; bottom_padding=&#8221;120&#8243; class=&#8221;hidden&#8221; bg_position=&#8221;center center&#8221;][vc_column width=&#8221;1\/3&#8243;][\/vc_column][vc_column width=&#8221;1\/3&#8243;][\/vc_column][vc_column width=&#8221;1\/3&#8243;][\/vc_column][\/vc_row][vc_row bg_color=&#8221;#fafafa&#8221; text_align=&#8221;center&#8221; top_padding=&#8221;120&#8243; bottom_padding=&#8221;120&#8243; bg_position=&#8221;left top&#8221;][vc_column width=&#8221;1\/1&#8243;][vc_column_text][\/vc_column_text][\/vc_column][\/vc_row][vc_row bg_color=&#8221;#15bb34&#8243; text_color=&#8221;light&#8221; top_padding=&#8221;120&#8243; bottom_padding=&#8221;120&#8243;][vc_column width=&#8221;1\/1&#8243;][\/vc_column][\/vc_row][vc_row top_padding=&#8221;120&#8243; bottom_padding=&#8221;80&#8243; bg_position=&#8221;left top&#8221;][vc_column width=&#8221;1\/1&#8243;][vc_row_inner][vc_column_inner width=&#8221;1\/3&#8243;][vc_column_text] Sz\u00e1mviteli Szolg\u00e1ltat\u00e1sok \u00c1tfog\u00f3 k\u00f6nyvel\u00e9si szolg\u00e1ltat\u00e1sokat k\u00edn\u00e1lunk b\u00e1rmely v\u00e1llalkoz\u00e1snak \u00e9s mag\u00e1nszem\u00e9lynek, b\u00e1mely ipar\u00e1gakban.[\/vc_column_text][\/vc_column_inner][vc_column_inner width=&#8221;1\/3&#8243;][vc_column_text] Tan\u00e1csad\u00e1s [&hellip;]<\/p>\n","protected":false},"author":1,"featured_media":0,"parent":0,"menu_order":0,"comment_status":"open","ping_status":"open","template":"","meta":{"footnotes":""},"class_list":["post-15762","page","type-page","status-publish","hentry"],"_links":{"self":[{"href":"https:\/\/sterling.services\/hu\/wp-json\/wp\/v2\/pages\/15762","targetHints":{"allow":["GET"]}}],"collection":[{"href":"https:\/\/sterling.services\/hu\/wp-json\/wp\/v2\/pages"}],"about":[{"href":"https:\/\/sterling.services\/hu\/wp-json\/wp\/v2\/types\/page"}],"author":[{"embeddable":true,"href":"https:\/\/sterling.services\/hu\/wp-json\/wp\/v2\/users\/1"}],"replies":[{"embeddable":true,"href":"https:\/\/sterling.services\/hu\/wp-json\/wp\/v2\/comments?post=15762"}],"version-history":[{"count":4,"href":"https:\/\/sterling.services\/hu\/wp-json\/wp\/v2\/pages\/15762\/revisions"}],"predecessor-version":[{"id":15764,"href":"https:\/\/sterling.services\/hu\/wp-json\/wp\/v2\/pages\/15762\/revisions\/15764"}],"wp:attachment":[{"href":"https:\/\/sterling.services\/hu\/wp-json\/wp\/v2\/media?parent=15762"}],"curies":[{"name":"wp","href":"https:\/\/api.w.org\/{rel}","templated":true}]}}