{"id":15756,"date":"2021-02-11T15:16:15","date_gmt":"2021-02-11T15:16:15","guid":{"rendered":"https:\/\/sterling.services\/homepage\/"},"modified":"2021-02-20T19:00:33","modified_gmt":"2021-02-20T19:00:33","slug":"homepage","status":"publish","type":"page","link":"https:\/\/sterling.services\/hu\/","title":{"rendered":"Kezd\u0151lap"},"content":{"rendered":"<div class=\"wpb-content-wrapper\"><p>[vc_row type=&#8221;full_width_section&#8221; bg_position=&#8221;left top&#8221;][vc_column width=&#8221;1\/1&#8243;][rev_slider_vc alias=&#8221;home-slider-hu&#8221;][\/vc_column][\/vc_row][vc_row top_padding=&#8221;100&#8243; bottom_padding=&#8221;100&#8243; bg_position=&#8221;left top&#8221;][vc_column width=&#8221;1\/3&#8243;]<div class=\"iconbox  wpb_content_element iconbox-style-2 icon-color-greyscale color-dark clearfix\"><div class=\"iconbox-icon\"><i class=\"fa sl-calculator boxicon\" style=\"\"><\/i><\/div><div class=\"iconbox-content\"><h3>K\u00f6nyvel\u00e9si Szolg\u00e1ltat\u00e1sok<\/h3><p>Hat\u00e9kony \u00e9s pontos sz\u00e1mviteli szolg\u00e1ltat\u00e1s magasan k\u00e9pzett szak\u00e9rt\u0151ink \u00e1ltal<\/p><\/div><\/div><a href=\"https:\/\/sterling.services\/hu\/konyvelesi-szolgaltatasok\/\" target=\"_self\" class=\"button button-appear custom medium \" style=\"background-color: #15bb34; border-color: #15bb34;border-radius: 2px;\"><span>Tudjon meg t\u00f6bbet<i class='fa fa-caret-right'><\/i><\/span><\/a>[\/vc_column][vc_column width=&#8221;1\/3&#8243;]<div class=\"iconbox  wpb_content_element iconbox-style-2 icon-color-greyscale color-dark clearfix\"><div class=\"iconbox-icon\"><i class=\"fa sl-magnifier boxicon\" style=\"\"><\/i><\/div><div class=\"iconbox-content\"><h3>Ad\u00f3tan\u00e1csad\u00e1s<\/h3><p>Szem\u00e9lyre szabott ad\u00f3tan\u00e1csad\u00e1s \u00e9s konzult\u00e1ci\u00f3 magas sz\u00ednvonalon<\/p><\/div><\/div><a href=\"https:\/\/sterling.services\/hu\/adotanacsadas\/\" target=\"_self\" class=\"button button-appear custom medium \" style=\"background-color: #15bb34; border-color: #15bb34;border-radius: 2px;\"><span>Tudjon meg t\u00f6bbet<i class='fa fa-caret-right'><\/i><\/span><\/a>[\/vc_column][vc_column width=&#8221;1\/3&#8243;]<div class=\"iconbox  wpb_content_element iconbox-style-2 icon-color-greyscale color-dark clearfix\"><div class=\"iconbox-icon\"><i class=\"fa sl-folder boxicon\" style=\"\"><\/i><\/div><div class=\"iconbox-content\"><h3>B\u00e9rsz\u00e1mfejt\u00e9si Szolg\u00e1ltat\u00e1sok<\/h3><p>B\u00e9rsz\u00e1mfejt\u00e9si szolg\u00e1ltat\u00e1sok, seg\u00edts\u00e9gny\u00fajt\u00e1s toborz\u00e1shoz \u00e9s munkav\u00e1llal\u00f3 integr\u00e1ci\u00f3j\u00e1hoz<\/p><\/div><\/div><a href=\"https:\/\/sterling.services\/hu\/berszamfejtes\/\" target=\"_self\" class=\"button button-appear custom medium \" style=\"background-color: #15bb34; border-color: #15bb34;border-radius: 2px;\"><span>Tudjon meg t\u00f6bbet<i class='fa fa-caret-right'><\/i><\/span><\/a>[\/vc_column][\/vc_row][vc_row bg_color=&#8221;#222222&#8243; text_color=&#8221;light&#8221; top_padding=&#8221;50&#8243; bottom_padding=&#8221;50&#8243; bg_position=&#8221;center center&#8221;][vc_column text_color=&#8221;custom&#8221; custom_text_color=&#8221;#ffffff&#8221; width=&#8221;1\/3&#8243;]<div class=\"counter clearfix wpb_content_element\"><div class=\"counter-number\" style=\"color: #15bb34 !important;\">51<\/div><span class=\"counter-title\">El\u00e9gedett \u00dcgyf\u00e9l<\/span><\/div>[\/vc_column][vc_column text_color=&#8221;custom&#8221; custom_text_color=&#8221;#ffffff&#8221; width=&#8221;1\/3&#8243;]<div class=\"counter clearfix wpb_content_element\"><div class=\"counter-number\" style=\"color: #15bb34 !important;\">12<\/div><span class=\"counter-title\">Glob\u00e1lis Partner<\/span><\/div>[\/vc_column][vc_column text_color=&#8221;custom&#8221; custom_text_color=&#8221;#ffffff&#8221; width=&#8221;1\/3&#8243;]<div class=\"counter clearfix wpb_content_element\"><div class=\"counter-number\" style=\"color: #15bb34 !important;\">10<\/div><span class=\"counter-title\">\u00c9v Tapasztalat<\/span><\/div>[\/vc_column][\/vc_row][vc_row top_padding=&#8221;100&#8243; bg_position=&#8221;left top&#8221;][vc_column width=&#8221;1\/1&#8243;]<h3 class=\"headline font-special fontsize-l fontweight-700 lh-inherit align-center transform-uppercase \" style=\"margin: 0 0 20px 0;\">Tudjuk mit csin\u00e1lunk, szak\u00e9rt\u0151k vagyunk a t\u00e9m\u00e1ban<\/h3><div class=\"headline font-inherit fontsize-m fontweight-400 lh-inherit align-center transform-inherit \" style=\"margin: 0; color: #999999;\">T\u00f6bb \u00e9vtizedes tapasztalattal rendelkez\u00fcnk k\u00f6nyvel\u00e9si, tan\u00e1csad\u00e1si \u00e9s b\u00e9rsz\u00e1mfejt\u00e9si szolg\u00e1ltat\u00e1sok ny\u00fajt\u00e1s\u00e1ban v\u00e1llalkoz\u00e1soknak \u00e9s mag\u00e1nszem\u00e9lyeknek egyar\u00e1nt, ezzel stabilit\u00e1st, pontoss\u00e1got \u00e9s hat\u00e9konys\u00e1got biztos\u00edtva \u00fcgyfeleink sz\u00e1m\u00e1ra. <\/div><div class=\"divider divider1\" style='margin:60px 0 60px 0 !important;'><\/div>[\/vc_column][\/vc_row][vc_row bottom_padding=&#8221;100&#8243; bg_position=&#8221;left top&#8221;][vc_column width=&#8221;1\/3&#8243;]<div class=\"iconbox  wpb_content_element iconbox-style-2 icon-color-greyscale color-dark clearfix\"><div class=\"iconbox-icon\"><i class=\"fa sl-calculator boxicon\" style=\"\"><\/i><\/div><div class=\"iconbox-content\"><h3>K\u00f6nyvel\u00e9si Szolg\u00e1ltat\u00e1sok<\/h3><p>\u00c1ltal\u00e1nos \u00e9s \u00e1tfog\u00f3 k\u00f6nyvel\u00e9st biztos\u00edtunk \u00fcgyfeleinknek Magyarorsz\u00e1gon \u00e9s m\u00e1s kelet-k\u00f6z\u00e9p-eur\u00f3pai orsz\u00e1gokban.<\/p><\/div><\/div><div class=\"spacer\" style=\"height: 10px;\"><\/div><div class=\"iconbox  wpb_content_element iconbox-style-2 icon-color-greyscale color-dark clearfix\"><div class=\"iconbox-icon\"><i class=\"fa sl-docs boxicon\" style=\"\"><\/i><\/div><div class=\"iconbox-content\"><h3>Teljes \u00c1tvil\u00e1g\u00edt\u00e1s<\/h3><p>Szak\u00e9rt\u0151ink r\u00e9szt vesznek az \u00e1tvil\u00e1g\u00edt\u00e1si folyamatokban \u00e9s seg\u00edtenek azonos\u00edtani \u00e9s m\u00e9rs\u00e9kelni az \u00fczleti kock\u00e1zatokat.<\/p><\/div><\/div>[\/vc_column][vc_column width=&#8221;1\/3&#8243;]<div class=\"iconbox  wpb_content_element iconbox-style-2 icon-color-greyscale color-dark clearfix\"><div class=\"iconbox-icon\"><i class=\"fa sl-direction boxicon\" style=\"\"><\/i><\/div><div class=\"iconbox-content\"><h3>Ad\u00f3tan\u00e1csad\u00e1s<\/h3><p>Ad\u00f3tan\u00e1csad\u00f3 szakembereink seg\u00edtenek k\u00f6nnyed\u00e9n kiigazodni az \u00f6sszetett magyar ad\u00f3rendszeren.<\/p><\/div><\/div><div class=\"spacer\" style=\"height: 10px;\"><\/div><div class=\"iconbox  wpb_content_element iconbox-style-2 icon-color-greyscale color-dark clearfix\"><div class=\"iconbox-icon\"><i class=\"fa sl-globe-alt boxicon\" style=\"\"><\/i><\/div><div class=\"iconbox-content\"><h3>\u00dczleti N\u00f6veked\u00e9s<\/h3><p>Szak\u00e9rt\u0151i szolg\u00e1ltat\u00e1saink leveszik a terhet v\u00e1ll\u00e1r\u00f3l, \u00edgy \u00d6n elk\u00f6telezheti mag\u00e1t v\u00e1llalkoz\u00e1sa fejleszt\u00e9se mellett.<\/p><\/div><\/div>[\/vc_column][vc_column width=&#8221;1\/3&#8243;]<div class=\"iconbox  wpb_content_element iconbox-style-2 icon-color-greyscale color-dark clearfix\"><div class=\"iconbox-icon\"><i class=\"fa sl-folder boxicon\" style=\"\"><\/i><\/div><div class=\"iconbox-content\"><h3>B\u00e9rsz\u00e1mfejt\u00e9si Szolg\u00e1ltat\u00e1sok<\/h3><p>Mi gondoskodunk v\u00e1llalkoz\u00e1s\u00e1nak b\u00e9rsz\u00e1mfejt\u00e9si teend\u0151ir\u0151l, am\u00edg \u00d6nnek csak v\u00e1llalkoz\u00e1sa n\u00f6veked\u00e9s\u00e9re kell koncentr\u00e1lnia<\/p><\/div><\/div><div class=\"spacer\" style=\"height: 10px;\"><\/div><div class=\"iconbox  wpb_content_element iconbox-style-2 icon-color-greyscale color-dark clearfix\"><div class=\"iconbox-icon\"><i class=\"fa sl-lock boxicon\" style=\"\"><\/i><\/div><div class=\"iconbox-content\"><h3>\u00c1tl\u00e1that\u00f3 \u00e9s Biztons\u00e1gos<\/h3><p>100% -ban elk\u00f6telezettek vagyunk annak \u00e9rdek\u00e9ben, hogy a lehet\u0151 leg\u00e1tl\u00e1that\u00f3bb \u00e9s legbiztons\u00e1gosabb k\u00f6nyvel\u00e9si szolg\u00e1ltat\u00e1sokat ny\u00fajtsuk.<\/p><\/div><\/div>[\/vc_column][\/vc_row][vc_row bg_color=&#8221;#fafafa&#8221; top_padding=&#8221;80&#8243; bottom_padding=&#8221;40&#8243; bg_position=&#8221;left top&#8221;][vc_column width=&#8221;1\/1&#8243;]<div class=\"latest-blog style-white\"\"><div class=\"blog-carousel\"><div class=\"blog-item\"><a href=\"https:\/\/sterling.services\/hu\/2025\/10\/28\/globe-adoeloleg-bevallas-kozeledik-az-elso-hatarido\/\" title=\"GloBE ad\u00f3el\u0151leg-bevall\u00e1s: k\u00f6zeledik az els\u0151 hat\u00e1rid\u0151\" class=\"blog-pic\"><img decoding=\"async\" src=\"https:\/\/sterling.services\/wp-content\/uploads\/2025\/10\/SBS-article-2025.10.28-1-600x400.jpg\" alt=\"GloBE ad\u00f3el\u0151leg-bevall\u00e1s: k\u00f6zeledik az els\u0151 hat\u00e1rid\u0151\" \/><span class=\"blog-overlay\"><\/span><i class=\"fa fa-align-left\"><\/i><\/a><div class=\"blog-item-description\">\n\t\t\t\t\t\t\t<h4><a href=\"https:\/\/sterling.services\/hu\/2025\/10\/28\/globe-adoeloleg-bevallas-kozeledik-az-elso-hatarido\/\" title=\"GloBE ad\u00f3el\u0151leg-bevall\u00e1s: k\u00f6zeledik az els\u0151 hat\u00e1rid\u0151\">GloBE ad\u00f3el\u0151leg-bevall\u00e1s: k\u00f6zeledik az els\u0151 hat\u00e1rid\u0151<\/a><\/h4>\n\t\t\t\t\t  \t\t<div>A glob\u00e1lis minimumad\u00f3 (GloBE) rendszer\u00e9hez kapcsol\u00f3d\u00f3 els\u0151 magyar ad\u00f3bevall\u00e1si k\u00f6telezetts\u00e9g hat\u00e1rideje hamarosan lej\u00e1r. Azoknak a t\u00e1rsas\u00e1goknak, amelyek \u00fczleti \u00e9ve megegyezik... <a class=\"read-more-link\" href=\"https:\/\/sterling.services\/hu\/2025\/10\/28\/globe-adoeloleg-bevallas-kozeledik-az-elso-hatarido\/\">read more  &rarr;<\/a><\/div>\n\t\t\t\t\t  \t\t<span>okt\u00f3ber 28, 2025<\/span>\n\t\t\t\t  \t\t<\/div><\/div><div class=\"blog-item\"><a href=\"https:\/\/sterling.services\/hu\/2025\/10\/14\/csoportos-tao-megeri-belepni\/\" title=\"Csoportos TAO: meg\u00e9ri bel\u00e9pni?\" class=\"blog-pic\"><img decoding=\"async\" src=\"https:\/\/sterling.services\/wp-content\/uploads\/2025\/10\/SBS-article-2025.10.14.-1-600x400.jpg\" alt=\"Csoportos TAO: meg\u00e9ri bel\u00e9pni?\" \/><span class=\"blog-overlay\"><\/span><i class=\"fa fa-align-left\"><\/i><\/a><div class=\"blog-item-description\">\n\t\t\t\t\t\t\t<h4><a href=\"https:\/\/sterling.services\/hu\/2025\/10\/14\/csoportos-tao-megeri-belepni\/\" title=\"Csoportos TAO: meg\u00e9ri bel\u00e9pni?\">Csoportos TAO: meg\u00e9ri bel\u00e9pni?<\/a><\/h4>\n\t\t\t\t\t  \t\t<div>A csoportos t\u00e1rsas\u00e1gi ad\u00f3z\u00e1s v\u00e1laszt\u00e1sa minden olyan v\u00e1llalat sz\u00e1m\u00e1ra el\u0151ny\u00f6s lehet, amely optimaliz\u00e1ln\u00e1 ad\u00f3terheit, egyszer\u0171s\u00edten\u00e9 adminisztr\u00e1ci\u00f3j\u00e1t, \u00e9s hat\u00e9konyabban kezeln\u00e9 a... <a class=\"read-more-link\" href=\"https:\/\/sterling.services\/hu\/2025\/10\/14\/csoportos-tao-megeri-belepni\/\">read more  &rarr;<\/a><\/div>\n\t\t\t\t\t  \t\t<span>okt\u00f3ber 14, 2025<\/span>\n\t\t\t\t  \t\t<\/div><\/div><div class=\"blog-item\"><a href=\"https:\/\/sterling.services\/hu\/2025\/10\/03\/uj-afaszabalyok-a-rendezvenyszervezesben-2025-tol\/\" title=\"\u00daj \u00e1faszab\u00e1lyok a rendezv\u00e9nyszervez\u00e9sben 2025-t\u0151l\" class=\"blog-pic\"><img decoding=\"async\" src=\"https:\/\/sterling.services\/wp-content\/uploads\/2025\/10\/SBS-articles-2025.10.03.-3-600x400.jpg\" alt=\"\u00daj \u00e1faszab\u00e1lyok a rendezv\u00e9nyszervez\u00e9sben 2025-t\u0151l\" \/><span class=\"blog-overlay\"><\/span><i class=\"fa fa-align-left\"><\/i><\/a><div class=\"blog-item-description\">\n\t\t\t\t\t\t\t<h4><a href=\"https:\/\/sterling.services\/hu\/2025\/10\/03\/uj-afaszabalyok-a-rendezvenyszervezesben-2025-tol\/\" title=\"\u00daj \u00e1faszab\u00e1lyok a rendezv\u00e9nyszervez\u00e9sben 2025-t\u0151l\">\u00daj \u00e1faszab\u00e1lyok a rendezv\u00e9nyszervez\u00e9sben 2025-t\u0151l<\/a><\/h4>\n\t\t\t\t\t  \t\t<div>2025. janu\u00e1r 1-j\u00e9t\u0151l az uni\u00f3s jogharmoniz\u00e1ci\u00f3 \u00faj korszakot hozott a rendezv\u00e9nyszervez\u00e9s ter\u00fclet\u00e9n. A szem\u00e9lyes r\u00e9szv\u00e9tellel zajl\u00f3 esem\u00e9nyek szab\u00e1lyai nem v\u00e1ltoztak,... <a class=\"read-more-link\" href=\"https:\/\/sterling.services\/hu\/2025\/10\/03\/uj-afaszabalyok-a-rendezvenyszervezesben-2025-tol\/\">read more  &rarr;<\/a><\/div>\n\t\t\t\t\t  \t\t<span>okt\u00f3ber 3, 2025<\/span>\n\t\t\t\t  \t\t<\/div><\/div><div class=\"blog-item\"><a href=\"https:\/\/sterling.services\/hu\/2025\/09\/23\/ber-munkaugyi-es-hr-audit-miert-elengedhetetlen-2025-ben\/\" title=\"B\u00e9r-, Munka\u00fcgyi \u00e9s HR Audit: Mi\u00e9rt elengedhetetlen 2025-ben?\" class=\"blog-pic\"><img decoding=\"async\" src=\"https:\/\/sterling.services\/wp-content\/uploads\/2025\/09\/SBS-article-2025.09.23-600x400.jpg\" alt=\"B\u00e9r-, Munka\u00fcgyi \u00e9s HR Audit: Mi\u00e9rt elengedhetetlen 2025-ben?\" \/><span class=\"blog-overlay\"><\/span><i class=\"fa fa-align-left\"><\/i><\/a><div class=\"blog-item-description\">\n\t\t\t\t\t\t\t<h4><a href=\"https:\/\/sterling.services\/hu\/2025\/09\/23\/ber-munkaugyi-es-hr-audit-miert-elengedhetetlen-2025-ben\/\" title=\"B\u00e9r-, Munka\u00fcgyi \u00e9s HR Audit: Mi\u00e9rt elengedhetetlen 2025-ben?\">B\u00e9r-, Munka\u00fcgyi \u00e9s HR Audit: Mi\u00e9rt elengedhetetlen 2025-ben?<\/a><\/h4>\n\t\t\t\t\t  \t\t<div>A munkajogi megfelel\u00e9s, a pontos b\u00e9rsz\u00e1mfejt\u00e9s \u00e9s az \u00e1tl\u00e1that\u00f3 adminisztr\u00e1ci\u00f3 nem puszt\u00e1n k\u00f6telezetts\u00e9g \u2013 ezek seg\u00edts\u00e9g\u00e9vel komoly b\u00edrs\u00e1gokt\u00f3l \u00f3vhatjuk meg... <a class=\"read-more-link\" href=\"https:\/\/sterling.services\/hu\/2025\/09\/23\/ber-munkaugyi-es-hr-audit-miert-elengedhetetlen-2025-ben\/\">read more  &rarr;<\/a><\/div>\n\t\t\t\t\t  \t\t<span>szeptember 23, 2025<\/span>\n\t\t\t\t  \t\t<\/div><\/div><div class=\"blog-item\"><a href=\"https:\/\/sterling.services\/hu\/2025\/09\/12\/kulfoldi-afa-visszaigenyles-kozeleg-a-2025-szeptember-30-i-hatarido\/\" title=\"K\u00fclf\u00f6ldi \u00e1fa-visszaig\u00e9nyl\u00e9s: k\u00f6zeleg a 2025. szeptember 30-i hat\u00e1rid\u0151\" class=\"blog-pic\"><img decoding=\"async\" src=\"https:\/\/sterling.services\/wp-content\/uploads\/2025\/09\/SBS-article-2025.09.12.-1-600x400.jpg\" alt=\"K\u00fclf\u00f6ldi \u00e1fa-visszaig\u00e9nyl\u00e9s: k\u00f6zeleg a 2025. szeptember 30-i hat\u00e1rid\u0151\" \/><span class=\"blog-overlay\"><\/span><i class=\"fa fa-align-left\"><\/i><\/a><div class=\"blog-item-description\">\n\t\t\t\t\t\t\t<h4><a href=\"https:\/\/sterling.services\/hu\/2025\/09\/12\/kulfoldi-afa-visszaigenyles-kozeleg-a-2025-szeptember-30-i-hatarido\/\" title=\"K\u00fclf\u00f6ldi \u00e1fa-visszaig\u00e9nyl\u00e9s: k\u00f6zeleg a 2025. szeptember 30-i hat\u00e1rid\u0151\">K\u00fclf\u00f6ldi \u00e1fa-visszaig\u00e9nyl\u00e9s: k\u00f6zeleg a 2025. szeptember 30-i hat\u00e1rid\u0151<\/a><\/h4>\n\t\t\t\t\t  \t\t<div>A belf\u00f6ldi ad\u00f3alanyok, akik az Eur\u00f3pai Uni\u00f3 m\u00e1s tag\u00e1llam\u00e1ban v\u00e1s\u00e1roltak term\u00e9ket vagy szolg\u00e1ltat\u00e1st an\u00e9lk\u00fcl, hogy ott ad\u00f3k\u00f6teles gazdas\u00e1gi tev\u00e9kenys\u00e9get v\u00e9gezn\u00e9nek,... <a class=\"read-more-link\" href=\"https:\/\/sterling.services\/hu\/2025\/09\/12\/kulfoldi-afa-visszaigenyles-kozeleg-a-2025-szeptember-30-i-hatarido\/\">read more  &rarr;<\/a><\/div>\n\t\t\t\t\t  \t\t<span>szeptember 12, 2025<\/span>\n\t\t\t\t  \t\t<\/div><\/div><div class=\"blog-item\"><a href=\"https:\/\/sterling.services\/hu\/2025\/08\/15\/globalis-minimumado-globe-fo-kerdesek-es-gyakorlati-valaszok\/\" title=\"Glob\u00e1lis minimumad\u00f3 (GloBE): F\u0151 k\u00e9rd\u00e9sek \u00e9s gyakorlati v\u00e1laszok\" class=\"blog-pic\"><img decoding=\"async\" src=\"https:\/\/sterling.services\/wp-content\/uploads\/2025\/08\/SBS-article-cover-page-2025.08.15.-1-600x400.jpg\" alt=\"Glob\u00e1lis minimumad\u00f3 (GloBE): F\u0151 k\u00e9rd\u00e9sek \u00e9s gyakorlati v\u00e1laszok\" \/><span class=\"blog-overlay\"><\/span><i class=\"fa fa-align-left\"><\/i><\/a><div class=\"blog-item-description\">\n\t\t\t\t\t\t\t<h4><a href=\"https:\/\/sterling.services\/hu\/2025\/08\/15\/globalis-minimumado-globe-fo-kerdesek-es-gyakorlati-valaszok\/\" title=\"Glob\u00e1lis minimumad\u00f3 (GloBE): F\u0151 k\u00e9rd\u00e9sek \u00e9s gyakorlati v\u00e1laszok\">Glob\u00e1lis minimumad\u00f3 (GloBE): F\u0151 k\u00e9rd\u00e9sek \u00e9s gyakorlati v\u00e1laszok<\/a><\/h4>\n\t\t\t\t\t  \t\t<div>2024-t\u0151l az OECD \u00e1ltal bevezetett GloBE (Global Anti-Base Erosion) minimumad\u00f3 szab\u00e1lyai a Magyarorsz\u00e1gon m\u0171k\u00f6d\u0151 multinacion\u00e1lis v\u00e1llalatcsoportok le\u00e1nyv\u00e1llalatait is k\u00f6zvetlen\u00fcl \u00e9rintik.... <a class=\"read-more-link\" href=\"https:\/\/sterling.services\/hu\/2025\/08\/15\/globalis-minimumado-globe-fo-kerdesek-es-gyakorlati-valaszok\/\">read more  &rarr;<\/a><\/div>\n\t\t\t\t\t  \t\t<span>augusztus 15, 2025<\/span>\n\t\t\t\t  \t\t<\/div><\/div><\/div><\/div><div class=\"clear\"><\/div>[\/vc_column][\/vc_row][vc_row top_padding=&#8221;100&#8243; bottom_padding=&#8221;100&#8243; bg_position=&#8221;left top&#8221;][vc_column width=&#8221;1\/1&#8243;]<h3 class=\"headline font-special fontsize-l fontweight-700 lh-inherit align-center transform-uppercase \" style=\"margin: 0 0 20px 0;\">KIK VAGYUNK \u00c9S MIVEL FOGLALKOZUNK<\/h3><div class=\"testimonial-slider-wrap wpb_content_element\"><div class=\"testimonial-slide\">Nemcsak 100% -os \u00e1tl\u00e1that\u00f3s\u00e1ggal m\u0171k\u00f6d\u00fcnk, hanem b\u00fcszk\u00e9k vagyunk arra, hogy \u00fajszer\u0171 megk\u00f6zel\u00edt\u00e9st alkalmazunk annak \u00e9rdek\u00e9ben, hogy megbizonyosodhassunk arr\u00f3l, hogy az egy\u00e9bk\u00e9nt szok\u00e1sos sz\u00e1mviteli \u00e9s ad\u00f3tan\u00e1csad\u00e1s val\u00f3ban valami kiv\u00e9teles dolog. \u00dcgyfeleink csakis ebben form\u00e1ban \u00e9rezhetik igaz\u00e1n a kapott szolg\u00e1ltat\u00e1sok \u00e9rt\u00e9keit.<span>&#45; <\/span><\/div><div class=\"testimonial-slide\">Sz\u00e1mviteli \u00e9s ad\u00f3tan\u00e1csad\u00f3 szak\u00e9rt\u0151ink elemzik az egyes \u00fcgyfelek ig\u00e9nyeit, \u00e9s megpr\u00f3b\u00e1lj\u00e1k az ad\u00f3- \u00e9s sz\u00e1mviteli m\u0171veleteket saj\u00e1t ig\u00e9nyeikhez igaz\u00edtani a kock\u00e1zatok m\u00e9rs\u00e9kl\u00e9se \u00e9s az el\u0151ny\u00f6k maximaliz\u00e1l\u00e1sa \u00e9rdek\u00e9ben. Szeretn\u00e9nk megbizonyosodni arr\u00f3l, hogy \u00fcgyfeleink nem csak egy m\u00e1sik szolg\u00e1ltat\u00f3nak tekintenek minket, hanem ink\u00e1bb egy megb\u00edzhat\u00f3 partnernek, aki val\u00f3ban \u00e9rt\u00e9ket tud adni v\u00e1llalkoz\u00e1sukhoz.<span>&#45; <\/span><\/div><div class=\"testimonial-slide\">\u00dcgyfeleink sz\u00e9les k\u00f6rben tev\u00e9kenykednek. T\u00f6bbek k\u00f6z\u00f6tt \u00fcgyfelink k\u00f6z\u00f6tt tudhatunk v\u00e1llalkoz\u00e1sokat az informatika, a gy\u00f3gyszeripar, a vend\u00e9gl\u00e1t\u00e1s \u00e9s az ingatlankeresked\u00e9s ter\u00fclet\u00e9r\u0151l. \u00dcgyfeleink a helyi kisv\u00e1llalkoz\u00e1sokt\u00f3l kezdve a t\u00f6bb fi\u00f3kkal rendelkez\u0151 region\u00e1lis v\u00e1llalatokig terjednek.<span>&#45; <\/span><\/div><\/div>[\/vc_column][\/vc_row][vc_row bg_color=&#8221;#fafafa&#8221; text_align=&#8221;center&#8221; top_padding=&#8221;60&#8243; bottom_padding=&#8221;50&#8243; bg_position=&#8221;left top&#8221;][vc_column width=&#8221;1\/4&#8243;][vc_column_text]<span class=\"tooltips\"><a href=\"#\" title=\"AWS\" onclick=\"return false\"><img loading=\"lazy\" decoding=\"async\" class=\"aligncenter wp-image-15590\" src=\"https:\/\/sterling.services\/wp-content\/uploads\/2021\/01\/AWS-e1609503195970-150x150.png\" alt=\"\" width=\"170\" height=\"78\" srcset=\"https:\/\/sterling.services\/wp-content\/uploads\/2021\/01\/AWS-e1609503195970-300x138.png 300w, https:\/\/sterling.services\/wp-content\/uploads\/2021\/01\/AWS-e1609503195970.png 577w\" sizes=\"auto, (max-width: 170px) 100vw, 170px\" \/><\/a><\/span>[\/vc_column_text][\/vc_column][vc_column width=&#8221;1\/4&#8243;][vc_column_text]<span class=\"tooltips\"><a href=\"#\" title=\"Microsoft\" onclick=\"return false\"><img loading=\"lazy\" decoding=\"async\" class=\"aligncenter wp-image-15592\" src=\"https:\/\/sterling.services\/wp-content\/uploads\/2021\/01\/Microsoft-150x150.png\" alt=\"\" width=\"165\" height=\"88\" srcset=\"https:\/\/sterling.services\/wp-content\/uploads\/2021\/01\/Microsoft-300x160.png 300w, https:\/\/sterling.services\/wp-content\/uploads\/2021\/01\/Microsoft-1024x546.png 1024w, https:\/\/sterling.services\/wp-content\/uploads\/2021\/01\/Microsoft-768x410.png 768w, https:\/\/sterling.services\/wp-content\/uploads\/2021\/01\/Microsoft-600x320.png 600w, https:\/\/sterling.services\/wp-content\/uploads\/2021\/01\/Microsoft.png 1500w\" sizes=\"auto, (max-width: 165px) 100vw, 165px\" \/><\/a><\/span>[\/vc_column_text][\/vc_column][vc_column width=&#8221;1\/4&#8243;][vc_column_text]<span class=\"tooltips\"><a href=\"#\" title=\"Quest Apartments\" onclick=\"return false\"><img loading=\"lazy\" decoding=\"async\" class=\"alignnone wp-image-15596\" src=\"https:\/\/sterling.services\/wp-content\/uploads\/2021\/01\/Quest-Apartment-Hotels-150x150.jpg\" alt=\"\" width=\"165\" height=\"88\" srcset=\"https:\/\/sterling.services\/wp-content\/uploads\/2021\/01\/Quest-Apartment-Hotels-300x159.jpg 300w, https:\/\/sterling.services\/wp-content\/uploads\/2021\/01\/Quest-Apartment-Hotels-600x319.jpg 600w, https:\/\/sterling.services\/wp-content\/uploads\/2021\/01\/Quest-Apartment-Hotels.jpg 640w\" sizes=\"auto, (max-width: 165px) 100vw, 165px\" \/><\/a><\/span>[\/vc_column_text][\/vc_column][vc_column width=&#8221;1\/4&#8243;][vc_column_text]<span class=\"tooltips\"><a href=\"#\" title=\"Aspire Home\" onclick=\"return false\"><img loading=\"lazy\" decoding=\"async\" class=\"aligncenter wp-image-15598\" src=\"https:\/\/sterling.services\/wp-content\/uploads\/2021\/01\/logo-blue-150x150.png\" alt=\"\" width=\"120\" height=\"86\" \/><\/a><\/span>[\/vc_column_text][\/vc_column][\/vc_row][vc_row][vc_column width=&#8221;1\/1&#8243;][\/vc_column][\/vc_row]<\/p>\n<\/div>","protected":false},"excerpt":{"rendered":"<p>[vc_row type=&#8221;full_width_section&#8221; bg_position=&#8221;left top&#8221;][vc_column width=&#8221;1\/1&#8243;][rev_slider_vc alias=&#8221;home-slider-hu&#8221;][\/vc_column][\/vc_row][vc_row top_padding=&#8221;100&#8243; bottom_padding=&#8221;100&#8243; bg_position=&#8221;left top&#8221;][vc_column width=&#8221;1\/3&#8243;][\/vc_column][vc_column width=&#8221;1\/3&#8243;][\/vc_column][vc_column width=&#8221;1\/3&#8243;][\/vc_column][\/vc_row][vc_row bg_color=&#8221;#222222&#8243; text_color=&#8221;light&#8221; top_padding=&#8221;50&#8243; bottom_padding=&#8221;50&#8243; bg_position=&#8221;center center&#8221;][vc_column text_color=&#8221;custom&#8221; custom_text_color=&#8221;#ffffff&#8221; width=&#8221;1\/3&#8243;][\/vc_column][vc_column text_color=&#8221;custom&#8221; custom_text_color=&#8221;#ffffff&#8221; width=&#8221;1\/3&#8243;][\/vc_column][vc_column text_color=&#8221;custom&#8221; custom_text_color=&#8221;#ffffff&#8221; width=&#8221;1\/3&#8243;][\/vc_column][\/vc_row][vc_row top_padding=&#8221;100&#8243; bg_position=&#8221;left top&#8221;][vc_column width=&#8221;1\/1&#8243;][\/vc_column][\/vc_row][vc_row bottom_padding=&#8221;100&#8243; bg_position=&#8221;left top&#8221;][vc_column width=&#8221;1\/3&#8243;][\/vc_column][vc_column width=&#8221;1\/3&#8243;][\/vc_column][vc_column width=&#8221;1\/3&#8243;][\/vc_column][\/vc_row][vc_row bg_color=&#8221;#fafafa&#8221; top_padding=&#8221;80&#8243; bottom_padding=&#8221;40&#8243; bg_position=&#8221;left top&#8221;][vc_column width=&#8221;1\/1&#8243;][\/vc_column][\/vc_row][vc_row top_padding=&#8221;100&#8243; bottom_padding=&#8221;100&#8243; bg_position=&#8221;left top&#8221;][vc_column width=&#8221;1\/1&#8243;][\/vc_column][\/vc_row][vc_row bg_color=&#8221;#fafafa&#8221; text_align=&#8221;center&#8221; top_padding=&#8221;60&#8243; bottom_padding=&#8221;50&#8243; bg_position=&#8221;left top&#8221;][vc_column width=&#8221;1\/4&#8243;][vc_column_text][\/vc_column_text][\/vc_column][vc_column width=&#8221;1\/4&#8243;][vc_column_text][\/vc_column_text][\/vc_column][vc_column width=&#8221;1\/4&#8243;][vc_column_text][\/vc_column_text][\/vc_column][vc_column width=&#8221;1\/4&#8243;][vc_column_text][\/vc_column_text][\/vc_column][\/vc_row][vc_row][vc_column width=&#8221;1\/1&#8243;][\/vc_column][\/vc_row]<\/p>\n","protected":false},"author":1,"featured_media":0,"parent":0,"menu_order":0,"comment_status":"closed","ping_status":"open","template":"","meta":{"footnotes":""},"class_list":["post-15756","page","type-page","status-publish","hentry"],"_links":{"self":[{"href":"https:\/\/sterling.services\/hu\/wp-json\/wp\/v2\/pages\/15756","targetHints":{"allow":["GET"]}}],"collection":[{"href":"https:\/\/sterling.services\/hu\/wp-json\/wp\/v2\/pages"}],"about":[{"href":"https:\/\/sterling.services\/hu\/wp-json\/wp\/v2\/types\/page"}],"author":[{"embeddable":true,"href":"https:\/\/sterling.services\/hu\/wp-json\/wp\/v2\/users\/1"}],"replies":[{"embeddable":true,"href":"https:\/\/sterling.services\/hu\/wp-json\/wp\/v2\/comments?post=15756"}],"version-history":[{"count":7,"href":"https:\/\/sterling.services\/hu\/wp-json\/wp\/v2\/pages\/15756\/revisions"}],"predecessor-version":[{"id":15807,"href":"https:\/\/sterling.services\/hu\/wp-json\/wp\/v2\/pages\/15756\/revisions\/15807"}],"wp:attachment":[{"href":"https:\/\/sterling.services\/hu\/wp-json\/wp\/v2\/media?parent=15756"}],"curies":[{"name":"wp","href":"https:\/\/api.w.org\/{rel}","templated":true}]}}